{"id":5564,"date":"2025-02-09T19:55:05","date_gmt":"2025-02-10T00:55:05","guid":{"rendered":"https:\/\/xn--chocoingls-j7a.com\/?page_id=5564"},"modified":"2025-02-09T20:04:59","modified_gmt":"2025-02-10T01:04:59","slug":"agendar-clase-adultos","status":"publish","type":"page","link":"https:\/\/xn--chocoingls-j7a.com\/en\/agendar-clase-adultos\/","title":{"rendered":"Agendar Clase Adultos"},"content":{"rendered":"<div data-elementor-type=\"wp-page\" data-elementor-id=\"5564\" class=\"elementor elementor-5564\" data-elementor-post-type=\"page\">\n\t\t\t\t\t\t<section class=\"elementor-section elementor-top-section elementor-element elementor-element-e4db445 elementor-section-boxed elementor-section-height-default elementor-section-height-default\" data-id=\"e4db445\" data-element_type=\"section\" data-settings=\"{&quot;ekit_has_onepagescroll_dot&quot;:&quot;yes&quot;}\">\n\t\t\t\t\t\t<div class=\"elementor-container elementor-column-gap-default\">\n\t\t\t\t\t<div class=\"elementor-column elementor-col-50 elementor-top-column elementor-element elementor-element-a21164d\" data-id=\"a21164d\" data-element_type=\"column\">\n\t\t\t<div class=\"elementor-widget-wrap elementor-element-populated\">\n\t\t\t\t\t\t<div class=\"elementor-element elementor-element-3db4fb8 elementor-widget elementor-widget-text-editor\" data-id=\"3db4fb8\" data-element_type=\"widget\" data-settings=\"{&quot;ekit_we_effect_on&quot;:&quot;none&quot;}\" data-widget_type=\"text-editor.default\">\n\t\t\t\t<div class=\"elementor-widget-container\">\n\t\t\t\t\t\t\t\t\t<div class=\"z7dp6gFa_CLQuagGJIjG QB19o4Ikgsg3sR4C7F7g\"><p><img decoding=\"async\" class=\"PKRFaTPWdpNSDk_QFpmQ _gBAOuAc7vWy4aaLjN1u Ha6YCZbtFJkLAJwPkRpF boV6o_NWo1BGIz2W0buS CsLo3CRy5TrNEsyecFmG\" src=\"https:\/\/d3v0px0pttie1i.cloudfront.net\/uploads\/user\/avatar\/30181856\/be00e43d.png\" alt=\"Choco English\" width=\"141\" height=\"141\" \/><\/p><div data-component=\"name\">\u00a0<\/div><div class=\"eXeUIjqBLYz3jwLn6526 Z6xh6LW1R1nRr8UMhFBC Y43jRjzn47dkSbyQYhgr iuTHw_8JG5Y_2j5tOc1P GnaePMsSYMuuLwVOlbTz\" data-component=\"name\"><strong>Choco English<\/strong><\/div><h1 class=\"fHXA_5PYsdqEt0NWNSuu yl5jgnIhwG_O3ga_Vx8A QDbYRmB_DpWAIRR5GvFy bOXFVcpkjzGiCLCepFFc Bvb5ycE8VXLDDbBOsgtX\">Clase Demo Adultos\u00a0<\/h1><\/div>\t\t\t\t\t\t\t\t<\/div>\n\t\t\t\t<\/div>\n\t\t\t\t<div class=\"elementor-element elementor-element-0be0937 elementor-hidden-desktop elementor-hidden-tablet elementor-icon-list--layout-traditional elementor-list-item-link-full_width elementor-widget elementor-widget-icon-list\" data-id=\"0be0937\" data-element_type=\"widget\" data-settings=\"{&quot;ekit_we_effect_on&quot;:&quot;none&quot;}\" data-widget_type=\"icon-list.default\">\n\t\t\t\t<div class=\"elementor-widget-container\">\n\t\t\t\t\t\t\t<ul class=\"elementor-icon-list-items\">\n\t\t\t\t\t\t\t<li class=\"elementor-icon-list-item\">\n\t\t\t\t\t\t\t\t\t\t\t<span class=\"elementor-icon-list-icon\">\n\t\t\t\t\t\t\t<i aria-hidden=\"true\" class=\"fas fa-clock\"><\/i>\t\t\t\t\t\t<\/span>\n\t\t\t\t\t\t\t\t\t\t<span class=\"elementor-icon-list-text\">30 min<\/span>\n\t\t\t\t\t\t\t\t\t<\/li>\n\t\t\t\t\t\t\t\t<li class=\"elementor-icon-list-item\">\n\t\t\t\t\t\t\t\t\t\t\t<span class=\"elementor-icon-list-icon\">\n\t\t\t\t\t\t\t<i aria-hidden=\"true\" class=\"fas fa-map-pin\"><\/i>\t\t\t\t\t\t<\/span>\n\t\t\t\t\t\t\t\t\t\t<span class=\"elementor-icon-list-text\">Reuni\u00f3n de Meet<\/span>\n\t\t\t\t\t\t\t\t\t<\/li>\n\t\t\t\t\t\t<\/ul>\n\t\t\t\t\t\t<\/div>\n\t\t\t\t<\/div>\n\t\t\t\t<div class=\"elementor-element elementor-element-ad87c65 elementor-position-left elementor-position-left elementor-vertical-align-middle elementor-hidden-mobile elementor-widget elementor-widget-image-box\" data-id=\"ad87c65\" data-element_type=\"widget\" data-settings=\"{&quot;ekit_we_effect_on&quot;:&quot;none&quot;}\" data-widget_type=\"image-box.default\">\n\t\t\t\t<div class=\"elementor-widget-container\">\n\t\t\t\t\t<div class=\"elementor-image-box-wrapper\"><figure class=\"elementor-image-box-img\"><img fetchpriority=\"high\" decoding=\"async\" width=\"480\" height=\"480\" src=\"https:\/\/xn--chocoingls-j7a.com\/wp-content\/uploads\/2024\/04\/Asset-033.png\" class=\"attachment-full size-full wp-image-3652\" alt=\"\" srcset=\"\/\/xn--chocoingls-j7a.com\/wp-content\/uploads\/2024\/04\/Asset-033.png 480w, \/\/xn--chocoingls-j7a.com\/wp-content\/uploads\/2024\/04\/Asset-033-300x300.png 300w, \/\/xn--chocoingls-j7a.com\/wp-content\/uploads\/2024\/04\/Asset-033-150x150.png 150w\" sizes=\"(max-width: 480px) 100vw, 480px\" \/><\/figure><div class=\"elementor-image-box-content\"><h3 class=\"elementor-image-box-title\">Clase Demo Adultos <\/h3><p class=\"elementor-image-box-description\">30 min - Reuni\u00f3n de Meet\n<\/p><\/div><\/div>\t\t\t\t<\/div>\n\t\t\t\t<\/div>\n\t\t\t\t<div class=\"elementor-element elementor-element-a330c5d elementor-widget elementor-widget-text-editor\" data-id=\"a330c5d\" data-element_type=\"widget\" data-settings=\"{&quot;ekit_we_effect_on&quot;:&quot;none&quot;}\" data-widget_type=\"text-editor.default\">\n\t\t\t\t<div class=\"elementor-widget-container\">\n\t\t\t\t\t\t\t\t\t<p><strong>Experimenta en una Clase Demostrativa Gratis nuestro m\u00e9todo para que puedas <u>hablar ingl\u00e9s en 12 &#8211; 18 meses<\/u><\/strong><\/p><ul><li>Clase\u00a0<u>en vivo en l\u00ednea<\/u> de 30 minutos con video-llamada por Google Meet (No requiere software especial)<\/li><\/ul>\t\t\t\t\t\t\t\t<\/div>\n\t\t\t\t<\/div>\n\t\t\t\t\t<\/div>\n\t\t<\/div>\n\t\t\t\t<div class=\"elementor-column elementor-col-50 elementor-top-column elementor-element elementor-element-09d63ff\" data-id=\"09d63ff\" data-element_type=\"column\">\n\t\t\t<div class=\"elementor-widget-wrap elementor-element-populated\">\n\t\t\t\t\t\t<div class=\"elementor-element elementor-element-b85ed11 elementor-hidden-desktop elementor-hidden-tablet elementor-widget elementor-widget-text-editor\" data-id=\"b85ed11\" data-element_type=\"widget\" data-settings=\"{&quot;ekit_we_effect_on&quot;:&quot;none&quot;}\" data-widget_type=\"text-editor.default\">\n\t\t\t\t<div class=\"elementor-widget-container\">\n\t\t\t\t\t\t\t\t\t<hr \/><p>\u23ec\ud83d\udd3dAgenda aqu\u00ed abajo \u23ec\ud83d\udd3d<\/p>\t\t\t\t\t\t\t\t<\/div>\n\t\t\t\t<\/div>\n\t\t\t\t<div class=\"elementor-element elementor-element-7cbb564 elementor-widget__width-inherit elementor-hidden-desktop elementor-hidden-tablet elementor-widget elementor-widget-ssa-booking\" data-id=\"7cbb564\" data-element_type=\"widget\" data-settings=\"{&quot;appointment_type&quot;:[&quot;clase-demo-adultos&quot;],&quot;booking_layout&quot;:&quot;expanded&quot;,&quot;view_type&quot;:&quot;left&quot;,&quot;ekit_we_effect_on&quot;:&quot;none&quot;}\" data-widget_type=\"ssa-booking.default\">\n\t\t\t\t<div class=\"elementor-widget-container\">\n\t\t\t\t\t\t\t<div class=\"elementor-ssa-booking-wrapper\">\n\t\t\t<div >\n\t\t\t\t<div class=\"ssa-booking\">\n\t\t\t\t\t<iframe src=\"https:\/\/xn--chocoingls-j7a.com\/en\/wp-json\/ssa\/v1\/embed-inner?integration&type&label&types=clase-demo-adultos&edit&view&payment_provider&ssa_locale=en_US&sid=efe40a3739d881f749a05efe909d448cedc83947&availability_start_date&availability_end_date&suggest_first_available&suggest_first_available_within_minutes&flow=expanded&fallback_flow&date_view=month&appointment_types_view=cardList&version&accent_color&background&padding=0px&font&booking_url=https%3A%2F%2Fxn--chocoingls-j7a.com%2Fen%2Fagendar-clase-adultos%2F&booking_post_id=5564&booking_title=Agendar+Clase+Adultos&_wpnonce=033bd67dff&redirect_post_id#\/\" height=\"400px\" width=\"100%\" name=\"ssa_booking\" loading=\"eager\" frameborder=\"0\" data-skip-lazy=\"1\" class=\"ssa_booking_iframe skip-lazy\" title=\"Book a time\"><\/iframe>\t\t\t\t<\/div>\n\t\t\t<\/div>\n\t\t<\/div>\n\t\t\t\t\t\t<\/div>\n\t\t\t\t<\/div>\n\t\t\t\t<div class=\"elementor-element elementor-element-647c080 elementor-widget__width-inherit elementor-hidden-mobile elementor-widget elementor-widget-ssa-booking\" data-id=\"647c080\" data-element_type=\"widget\" data-settings=\"{&quot;appointment_type&quot;:[&quot;clase-demo-adultos&quot;],&quot;booking_layout&quot;:&quot;appt_type_settings&quot;,&quot;ekit_we_effect_on&quot;:&quot;none&quot;}\" data-widget_type=\"ssa-booking.default\">\n\t\t\t\t<div class=\"elementor-widget-container\">\n\t\t\t\t\t\t\t<div class=\"elementor-ssa-booking-wrapper\">\n\t\t\t<div >\n\t\t\t\t<div class=\"ssa-booking\">\n\t\t\t\t\t<iframe src=\"https:\/\/xn--chocoingls-j7a.com\/en\/wp-json\/ssa\/v1\/embed-inner?integration&type&label&types=clase-demo-adultos&edit&view&payment_provider&ssa_locale=en_US&sid=efe40a3739d881f749a05efe909d448cedc83947&availability_start_date&availability_end_date&suggest_first_available&suggest_first_available_within_minutes&flow&fallback_flow&time_view&date_view&appointment_types_view=cardList&version&accent_color&background&padding=0px&font&booking_url=https%3A%2F%2Fxn--chocoingls-j7a.com%2Fen%2Fagendar-clase-adultos%2F&booking_post_id=5564&booking_title=Agendar+Clase+Adultos&_wpnonce=033bd67dff&redirect_post_id#\/\" height=\"400px\" width=\"100%\" name=\"ssa_booking\" loading=\"eager\" frameborder=\"0\" data-skip-lazy=\"1\" class=\"ssa_booking_iframe skip-lazy\" title=\"Book a time\"><\/iframe>\t\t\t\t<\/div>\n\t\t\t<\/div>\n\t\t<\/div>\n\t\t\t\t\t\t<\/div>\n\t\t\t\t<\/div>\n\t\t\t\t\t<\/div>\n\t\t<\/div>\n\t\t\t\t\t<\/div>\n\t\t<\/section>\n\t\t\t\t<\/div>","protected":false},"excerpt":{"rendered":"<p>\u00a0Choco Ingl\u00e9s Clase Demo Adultos\u00a0 30 min Reuni\u00f3n de Meet Clase Demo Adultos 30 min &#8211; Reuni\u00f3n de Meet Experimenta en una Clase Demostrativa Gratis nuestro m\u00e9todo para que puedas hablar ingl\u00e9s en 12 &#8211; 18 meses Clase\u00a0en vivo en l\u00ednea de 30 minutos con video-llamada por Google Meet (No requiere software especial) \u23ec\ud83d\udd3dAgenda aqu\u00ed [&hellip;]<\/p>","protected":false},"author":1,"featured_media":0,"parent":0,"menu_order":0,"comment_status":"closed","ping_status":"closed","template":"elementor_canvas","meta":{"footnotes":""},"class_list":["post-5564","page","type-page","status-publish","hentry"],"yoast_head":"<!-- This site is optimized with the Yoast SEO Premium plugin v24.1 (Yoast SEO v24.2) - https:\/\/yoast.com\/wordpress\/plugins\/seo\/ -->\n<title>Agendar Clase Adultos - Choco Ingl&eacute;s<\/title>\n<meta name=\"robots\" content=\"index, follow, max-snippet:-1, max-image-preview:large, max-video-preview:-1\" \/>\n<link rel=\"canonical\" href=\"https:\/\/xn--chocoingls-j7a.com\/en\/agendar-clase-adultos\/\" \/>\n<meta property=\"og:locale\" content=\"en_US\" \/>\n<meta property=\"og:type\" content=\"article\" \/>\n<meta property=\"og:title\" content=\"Agendar Clase Adultos\" \/>\n<meta property=\"og:description\" content=\"\u00a0Choco Ingl\u00e9s Clase Demo Adultos\u00a0 30 min Reuni\u00f3n de Meet Clase Demo Adultos 30 min &#8211; Reuni\u00f3n de Meet Experimenta en una Clase Demostrativa Gratis nuestro m\u00e9todo para que puedas hablar ingl\u00e9s en 12 &#8211; 18 meses Clase\u00a0en vivo en l\u00ednea de 30 minutos con video-llamada por Google Meet (No requiere software especial) \u23ec\ud83d\udd3dAgenda aqu\u00ed [&hellip;]\" \/>\n<meta property=\"og:url\" content=\"https:\/\/xn--chocoingls-j7a.com\/en\/agendar-clase-adultos\/\" \/>\n<meta property=\"og:site_name\" content=\"Choco Ingl&eacute;s\" \/>\n<meta property=\"article:publisher\" content=\"https:\/\/www.facebook.com\/chocoingles\" \/>\n<meta property=\"article:modified_time\" content=\"2025-02-10T01:04:59+00:00\" \/>\n<meta property=\"og:image\" content=\"https:\/\/d3v0px0pttie1i.cloudfront.net\/uploads\/user\/avatar\/30181856\/be00e43d.png\" \/>\n<meta name=\"twitter:card\" content=\"summary_large_image\" \/>\n<meta name=\"twitter:site\" content=\"@chocoingless\" \/>\n<meta name=\"twitter:label1\" content=\"Est. reading time\" \/>\n\t<meta name=\"twitter:data1\" content=\"1 minute\" \/>\n<script type=\"application\/ld+json\" class=\"yoast-schema-graph\">{\"@context\":\"https:\/\/schema.org\",\"@graph\":[{\"@type\":\"WebPage\",\"@id\":\"https:\/\/xn--chocoingls-j7a.com\/agendar-clase-adultos\/\",\"url\":\"https:\/\/xn--chocoingls-j7a.com\/agendar-clase-adultos\/\",\"name\":\"Agendar Clase Adultos - Choco Ingl&eacute;s\",\"isPartOf\":{\"@id\":\"https:\/\/xn--chocoingls-j7a.com\/#website\"},\"primaryImageOfPage\":{\"@id\":\"https:\/\/xn--chocoingls-j7a.com\/agendar-clase-adultos\/#primaryimage\"},\"image\":{\"@id\":\"https:\/\/xn--chocoingls-j7a.com\/agendar-clase-adultos\/#primaryimage\"},\"thumbnailUrl\":\"https:\/\/d3v0px0pttie1i.cloudfront.net\/uploads\/user\/avatar\/30181856\/be00e43d.png\",\"datePublished\":\"2025-02-10T00:55:05+00:00\",\"dateModified\":\"2025-02-10T01:04:59+00:00\",\"breadcrumb\":{\"@id\":\"https:\/\/xn--chocoingls-j7a.com\/agendar-clase-adultos\/#breadcrumb\"},\"inLanguage\":\"en-US\",\"potentialAction\":[{\"@type\":\"ReadAction\",\"target\":[\"https:\/\/xn--chocoingls-j7a.com\/agendar-clase-adultos\/\"]}]},{\"@type\":\"ImageObject\",\"inLanguage\":\"en-US\",\"@id\":\"https:\/\/xn--chocoingls-j7a.com\/agendar-clase-adultos\/#primaryimage\",\"url\":\"https:\/\/d3v0px0pttie1i.cloudfront.net\/uploads\/user\/avatar\/30181856\/be00e43d.png\",\"contentUrl\":\"https:\/\/d3v0px0pttie1i.cloudfront.net\/uploads\/user\/avatar\/30181856\/be00e43d.png\"},{\"@type\":\"BreadcrumbList\",\"@id\":\"https:\/\/xn--chocoingls-j7a.com\/agendar-clase-adultos\/#breadcrumb\",\"itemListElement\":[{\"@type\":\"ListItem\",\"position\":1,\"name\":\"Inicio\",\"item\":\"https:\/\/xn--chocoingls-j7a.com\/\"},{\"@type\":\"ListItem\",\"position\":2,\"name\":\"Agendar Clase Adultos\"}]},{\"@type\":\"WebSite\",\"@id\":\"https:\/\/xn--chocoingls-j7a.com\/#website\",\"url\":\"https:\/\/xn--chocoingls-j7a.com\/\",\"name\":\"Choco Ingl&eacute;s\",\"description\":\"\",\"publisher\":{\"@id\":\"https:\/\/xn--chocoingls-j7a.com\/#organization\"},\"potentialAction\":[{\"@type\":\"SearchAction\",\"target\":{\"@type\":\"EntryPoint\",\"urlTemplate\":\"https:\/\/xn--chocoingls-j7a.com\/?s={search_term_string}\"},\"query-input\":{\"@type\":\"PropertyValueSpecification\",\"valueRequired\":true,\"valueName\":\"search_term_string\"}}],\"inLanguage\":\"en-US\"},{\"@type\":\"Organization\",\"@id\":\"https:\/\/xn--chocoingls-j7a.com\/#organization\",\"name\":\"Choco ingl\u00e9s\",\"url\":\"https:\/\/xn--chocoingls-j7a.com\/\",\"logo\":{\"@type\":\"ImageObject\",\"inLanguage\":\"en-US\",\"@id\":\"https:\/\/xn--chocoingls-j7a.com\/#\/schema\/logo\/image\/\",\"url\":\"https:\/\/xn--chocoingls-j7a.com\/wp-content\/uploads\/2023\/07\/logo-web-Choco-Ingles-mas-grande.png\",\"contentUrl\":\"https:\/\/xn--chocoingls-j7a.com\/wp-content\/uploads\/2023\/07\/logo-web-Choco-Ingles-mas-grande.png\",\"width\":255,\"height\":99,\"caption\":\"Choco ingl\u00e9s\"},\"image\":{\"@id\":\"https:\/\/xn--chocoingls-j7a.com\/#\/schema\/logo\/image\/\"},\"sameAs\":[\"https:\/\/www.facebook.com\/chocoingles\",\"https:\/\/x.com\/chocoingless\",\"https:\/\/instagram.com\/chocoingles\",\"https:\/\/youtube.com\/@ChocoIngles\",\"https:\/\/www.tiktok.com\/@chocoingles\"]}]}<\/script>\n<!-- \/ Yoast SEO Premium plugin. -->","yoast_head_json":{"title":"Agendar Clase Adultos - Choco Ingl&eacute;s","robots":{"index":"index","follow":"follow","max-snippet":"max-snippet:-1","max-image-preview":"max-image-preview:large","max-video-preview":"max-video-preview:-1"},"canonical":"https:\/\/xn--chocoingls-j7a.com\/en\/agendar-clase-adultos\/","og_locale":"en_US","og_type":"article","og_title":"Agendar Clase Adultos","og_description":"\u00a0Choco Ingl\u00e9s Clase Demo Adultos\u00a0 30 min Reuni\u00f3n de Meet Clase Demo Adultos 30 min &#8211; Reuni\u00f3n de Meet Experimenta en una Clase Demostrativa Gratis nuestro m\u00e9todo para que puedas hablar ingl\u00e9s en 12 &#8211; 18 meses Clase\u00a0en vivo en l\u00ednea de 30 minutos con video-llamada por Google Meet (No requiere software especial) \u23ec\ud83d\udd3dAgenda aqu\u00ed [&hellip;]","og_url":"https:\/\/xn--chocoingls-j7a.com\/en\/agendar-clase-adultos\/","og_site_name":"Choco Ingl&eacute;s","article_publisher":"https:\/\/www.facebook.com\/chocoingles","article_modified_time":"2025-02-10T01:04:59+00:00","og_image":[{"url":"https:\/\/d3v0px0pttie1i.cloudfront.net\/uploads\/user\/avatar\/30181856\/be00e43d.png","type":"","width":"","height":""}],"twitter_card":"summary_large_image","twitter_site":"@chocoingless","twitter_misc":{"Est. reading time":"1 minute"},"schema":{"@context":"https:\/\/schema.org","@graph":[{"@type":"WebPage","@id":"https:\/\/xn--chocoingls-j7a.com\/agendar-clase-adultos\/","url":"https:\/\/xn--chocoingls-j7a.com\/agendar-clase-adultos\/","name":"Agendar Clase Adultos - Choco Ingl&eacute;s","isPartOf":{"@id":"https:\/\/xn--chocoingls-j7a.com\/#website"},"primaryImageOfPage":{"@id":"https:\/\/xn--chocoingls-j7a.com\/agendar-clase-adultos\/#primaryimage"},"image":{"@id":"https:\/\/xn--chocoingls-j7a.com\/agendar-clase-adultos\/#primaryimage"},"thumbnailUrl":"https:\/\/d3v0px0pttie1i.cloudfront.net\/uploads\/user\/avatar\/30181856\/be00e43d.png","datePublished":"2025-02-10T00:55:05+00:00","dateModified":"2025-02-10T01:04:59+00:00","breadcrumb":{"@id":"https:\/\/xn--chocoingls-j7a.com\/agendar-clase-adultos\/#breadcrumb"},"inLanguage":"en-US","potentialAction":[{"@type":"ReadAction","target":["https:\/\/xn--chocoingls-j7a.com\/agendar-clase-adultos\/"]}]},{"@type":"ImageObject","inLanguage":"en-US","@id":"https:\/\/xn--chocoingls-j7a.com\/agendar-clase-adultos\/#primaryimage","url":"https:\/\/d3v0px0pttie1i.cloudfront.net\/uploads\/user\/avatar\/30181856\/be00e43d.png","contentUrl":"https:\/\/d3v0px0pttie1i.cloudfront.net\/uploads\/user\/avatar\/30181856\/be00e43d.png"},{"@type":"BreadcrumbList","@id":"https:\/\/xn--chocoingls-j7a.com\/agendar-clase-adultos\/#breadcrumb","itemListElement":[{"@type":"ListItem","position":1,"name":"Inicio","item":"https:\/\/xn--chocoingls-j7a.com\/"},{"@type":"ListItem","position":2,"name":"Agendar Clase Adultos"}]},{"@type":"WebSite","@id":"https:\/\/xn--chocoingls-j7a.com\/#website","url":"https:\/\/xn--chocoingls-j7a.com\/","name":"Choco Ingl&eacute;s","description":"","publisher":{"@id":"https:\/\/xn--chocoingls-j7a.com\/#organization"},"potentialAction":[{"@type":"SearchAction","target":{"@type":"EntryPoint","urlTemplate":"https:\/\/xn--chocoingls-j7a.com\/?s={search_term_string}"},"query-input":{"@type":"PropertyValueSpecification","valueRequired":true,"valueName":"search_term_string"}}],"inLanguage":"en-US"},{"@type":"Organization","@id":"https:\/\/xn--chocoingls-j7a.com\/#organization","name":"Choco ingl\u00e9s","url":"https:\/\/xn--chocoingls-j7a.com\/","logo":{"@type":"ImageObject","inLanguage":"en-US","@id":"https:\/\/xn--chocoingls-j7a.com\/#\/schema\/logo\/image\/","url":"https:\/\/xn--chocoingls-j7a.com\/wp-content\/uploads\/2023\/07\/logo-web-Choco-Ingles-mas-grande.png","contentUrl":"https:\/\/xn--chocoingls-j7a.com\/wp-content\/uploads\/2023\/07\/logo-web-Choco-Ingles-mas-grande.png","width":255,"height":99,"caption":"Choco ingl\u00e9s"},"image":{"@id":"https:\/\/xn--chocoingls-j7a.com\/#\/schema\/logo\/image\/"},"sameAs":["https:\/\/www.facebook.com\/chocoingles","https:\/\/x.com\/chocoingless","https:\/\/instagram.com\/chocoingles","https:\/\/youtube.com\/@ChocoIngles","https:\/\/www.tiktok.com\/@chocoingles"]}]}},"_links":{"self":[{"href":"https:\/\/xn--chocoingls-j7a.com\/en\/wp-json\/wp\/v2\/pages\/5564","targetHints":{"allow":["GET"]}}],"collection":[{"href":"https:\/\/xn--chocoingls-j7a.com\/en\/wp-json\/wp\/v2\/pages"}],"about":[{"href":"https:\/\/xn--chocoingls-j7a.com\/en\/wp-json\/wp\/v2\/types\/page"}],"author":[{"embeddable":true,"href":"https:\/\/xn--chocoingls-j7a.com\/en\/wp-json\/wp\/v2\/users\/1"}],"replies":[{"embeddable":true,"href":"https:\/\/xn--chocoingls-j7a.com\/en\/wp-json\/wp\/v2\/comments?post=5564"}],"version-history":[{"count":10,"href":"https:\/\/xn--chocoingls-j7a.com\/en\/wp-json\/wp\/v2\/pages\/5564\/revisions"}],"predecessor-version":[{"id":5574,"href":"https:\/\/xn--chocoingls-j7a.com\/en\/wp-json\/wp\/v2\/pages\/5564\/revisions\/5574"}],"wp:attachment":[{"href":"https:\/\/xn--chocoingls-j7a.com\/en\/wp-json\/wp\/v2\/media?parent=5564"}],"curies":[{"name":"wp","href":"https:\/\/api.w.org\/{rel}","templated":true}]}}