{"id":342,"date":"2023-07-23T00:16:20","date_gmt":"2023-07-23T00:16:20","guid":{"rendered":"https:\/\/xn--chocoingls-j7a.com\/?page_id=342"},"modified":"2025-07-03T17:12:32","modified_gmt":"2025-07-03T22:12:32","slug":"main-home","status":"publish","type":"page","link":"https:\/\/xn--chocoingls-j7a.com\/en\/","title":{"rendered":"Speak English Fluently in Months"},"content":{"rendered":"<div data-elementor-type=\"wp-page\" data-elementor-id=\"342\" class=\"elementor elementor-342\" data-elementor-post-type=\"page\">\n\t\t\t\t\t\t<section class=\"elementor-section elementor-top-section elementor-element elementor-element-5a2212ee elementor-section-stretched elementor-section-boxed elementor-section-height-default elementor-section-height-default\" data-id=\"5a2212ee\" data-element_type=\"section\" data-settings=\"{&quot;stretch_section&quot;:&quot;section-stretched&quot;,&quot;ekit_has_onepagescroll_dot&quot;:&quot;yes&quot;}\">\n\t\t\t\t\t\t<div class=\"elementor-container elementor-column-gap-default\">\n\t\t\t\t\t<div class=\"elementor-column elementor-col-100 elementor-top-column elementor-element elementor-element-2cdcf60f\" data-id=\"2cdcf60f\" data-element_type=\"column\">\n\t\t\t<div class=\"elementor-widget-wrap elementor-element-populated\">\n\t\t\t\t\t\t<div class=\"elementor-element elementor-element-32b2d86f elementor-invisible elementor-widget elementor-widget-heading\" data-id=\"32b2d86f\" data-element_type=\"widget\" data-settings=\"{&quot;_animation&quot;:&quot;fadeInDown&quot;,&quot;ekit_we_effect_on&quot;:&quot;none&quot;}\" data-widget_type=\"heading.default\">\n\t\t\t\t<div class=\"elementor-widget-container\">\n\t\t\t\t\t<h2 class=\"elementor-heading-title elementor-size-default\"><a href=\"https:\/\/xn--chocoingls-j7a.com\/adultos\">\u27a1Learn English<\/a><\/h2>\t\t\t\t<\/div>\n\t\t\t\t<\/div>\n\t\t\t\t<div class=\"elementor-element elementor-element-5f829a6 elementor-invisible elementor-widget elementor-widget-heading\" data-id=\"5f829a6\" data-element_type=\"widget\" data-settings=\"{&quot;_animation&quot;:&quot;fadeInDown&quot;,&quot;ekit_we_effect_on&quot;:&quot;none&quot;}\" data-widget_type=\"heading.default\">\n\t\t\t\t<div class=\"elementor-widget-container\">\n\t\t\t\t\t<h2 class=\"elementor-heading-title elementor-size-default\"><a href=\"https:\/\/xn--chocoingls-j7a.com\/speak-spanish-fluently-in-months\/\">\u27a1Learn Spanish<\/a><\/h2>\t\t\t\t<\/div>\n\t\t\t\t<\/div>\n\t\t\t\t\t<\/div>\n\t\t<\/div>\n\t\t\t\t\t<\/div>\n\t\t<\/section>\n\t\t\t\t<section class=\"elementor-section elementor-top-section elementor-element elementor-element-9ffdd79 elementor-section-boxed elementor-section-height-default elementor-section-height-default\" data-id=\"9ffdd79\" data-element_type=\"section\" data-settings=\"{&quot;ekit_has_onepagescroll_dot&quot;:&quot;yes&quot;}\">\n\t\t\t\t\t\t<div class=\"elementor-container elementor-column-gap-default\">\n\t\t\t\t\t<div data-wrapper-link=\"{&quot;url&quot;:&quot;https:\\\/\\\/xn--chocoingls-j7a.com\\\/landing-page-junior\\\/&quot;,&quot;is_external&quot;:&quot;&quot;,&quot;nofollow&quot;:&quot;&quot;,&quot;custom_attributes&quot;:&quot;&quot;}\" style=\"cursor: pointer\" class=\"elementor-column elementor-col-33 elementor-top-column elementor-element elementor-element-3c45fe62 elementor-invisible\" data-id=\"3c45fe62\" data-element_type=\"column\" data-settings=\"{&quot;animation&quot;:&quot;fadeInUp&quot;,&quot;animation_delay&quot;:100}\">\n\t\t\t<div class=\"elementor-widget-wrap elementor-element-populated\">\n\t\t\t\t\t\t<div class=\"elementor-element elementor-element-b5fb09b elementor-widget elementor-widget-image\" data-id=\"b5fb09b\" data-element_type=\"widget\" data-settings=\"{&quot;ekit_we_effect_on&quot;:&quot;none&quot;}\" data-widget_type=\"image.default\">\n\t\t\t\t<div class=\"elementor-widget-container\">\n\t\t\t\t\t\t\t\t\t\t\t\t\t\t\t<img fetchpriority=\"high\" decoding=\"async\" width=\"570\" height=\"570\" src=\"https:\/\/xn--chocoingls-j7a.com\/wp-content\/uploads\/2023\/07\/African-american-girl-wearing-headphones-enjoying-a-online-class.jpg\" class=\"attachment-full size-full wp-image-497\" alt=\"Happy girl taking live class from Choco Ingl\u00e9s Junior\" srcset=\"\/\/xn--chocoingls-j7a.com\/wp-content\/uploads\/2023\/07\/African-american-girl-wearing-headphones-enjoying-a-online-class.jpg 570w, \/\/xn--chocoingls-j7a.com\/wp-content\/uploads\/2023\/07\/African-american-girl-wearing-headphones-enjoying-a-online-class-300x300.jpg 300w, \/\/xn--chocoingls-j7a.com\/wp-content\/uploads\/2023\/07\/African-american-girl-wearing-headphones-enjoying-a-online-class-150x150.jpg 150w\" sizes=\"(max-width: 570px) 100vw, 570px\" \/>\t\t\t\t\t\t\t\t\t\t\t\t\t\t\t<\/div>\n\t\t\t\t<\/div>\n\t\t\t\t<section data-premium-element-link=\"{&quot;type&quot;:&quot;url&quot;,&quot;link&quot;:{&quot;url&quot;:&quot;https:\\\/\\\/xn--chocoingls-j7a.com\\\/landing-page-junior\\\/&quot;,&quot;is_external&quot;:&quot;&quot;,&quot;nofollow&quot;:&quot;&quot;,&quot;custom_attributes&quot;:&quot;&quot;},&quot;href&quot;:&quot;https:\\\/\\\/xn--chocoingls-j7a.com\\\/landing-page-junior\\\/&quot;}\" style=\"cursor: pointer\" class=\"elementor-section elementor-inner-section elementor-element elementor-element-1b1c4bbf premium-wrapper-link-yes elementor-section-boxed elementor-section-height-default elementor-section-height-default\" data-id=\"1b1c4bbf\" data-element_type=\"section\" data-settings=\"{&quot;background_background&quot;:&quot;classic&quot;,&quot;ekit_has_onepagescroll_dot&quot;:&quot;yes&quot;}\">\n\t\t\t\t\t\t<div class=\"elementor-container elementor-column-gap-default\">\n\t\t\t\t\t<div class=\"elementor-column elementor-col-100 elementor-inner-column elementor-element elementor-element-281855c0\" data-id=\"281855c0\" data-element_type=\"column\">\n\t\t\t<div class=\"elementor-widget-wrap elementor-element-populated\">\n\t\t\t\t\t\t<div class=\"elementor-element elementor-element-34423e0 elementor-widget elementor-widget-text-editor\" data-id=\"34423e0\" data-element_type=\"widget\" data-settings=\"{&quot;ekit_we_effect_on&quot;:&quot;none&quot;}\" data-widget_type=\"text-editor.default\">\n\t\t\t\t<div class=\"elementor-widget-container\">\n\t\t\t\t\t\t\t\t\t<p>Choco English<\/p><h1><span style=\"color: #fbac18;\">Junior<\/span><\/h1>\t\t\t\t\t\t\t\t<\/div>\n\t\t\t\t<\/div>\n\t\t\t\t<div class=\"elementor-element elementor-element-869ac0e elementor-widget elementor-widget-button\" data-id=\"869ac0e\" data-element_type=\"widget\" data-settings=\"{&quot;ekit_we_effect_on&quot;:&quot;none&quot;}\" data-widget_type=\"button.default\">\n\t\t\t\t<div class=\"elementor-widget-container\">\n\t\t\t\t\t\t\t\t\t<div class=\"elementor-button-wrapper\">\n\t\t\t\t\t<a class=\"elementor-button elementor-button-link elementor-size-sm\" href=\"https:\/\/xn--chocoingls-j7a.com\/landing-page-junior\/\">\n\t\t\t\t\t\t<span class=\"elementor-button-content-wrapper\">\n\t\t\t\t\t\t\t\t\t<span class=\"elementor-button-text\">More information<\/span>\n\t\t\t\t\t<\/span>\n\t\t\t\t\t<\/a>\n\t\t\t\t<\/div>\n\t\t\t\t\t\t\t\t<\/div>\n\t\t\t\t<\/div>\n\t\t\t\t\t<\/div>\n\t\t<\/div>\n\t\t\t\t\t<\/div>\n\t\t<\/section>\n\t\t\t\t\t<\/div>\n\t\t<\/div>\n\t\t\t\t<div data-wrapper-link=\"{&quot;url&quot;:&quot;https:\\\/\\\/xn--chocoingls-j7a.com\\\/adultos\\\/&quot;,&quot;is_external&quot;:&quot;&quot;,&quot;nofollow&quot;:&quot;&quot;,&quot;custom_attributes&quot;:&quot;&quot;}\" style=\"cursor: pointer\" class=\"elementor-column elementor-col-33 elementor-top-column elementor-element elementor-element-5f83181f elementor-invisible\" data-id=\"5f83181f\" data-element_type=\"column\" data-settings=\"{&quot;animation&quot;:&quot;fadeInUp&quot;}\">\n\t\t\t<div class=\"elementor-widget-wrap elementor-element-populated\">\n\t\t\t\t\t\t<div class=\"elementor-element elementor-element-7a79afa8 elementor-widget elementor-widget-image\" data-id=\"7a79afa8\" data-element_type=\"widget\" data-settings=\"{&quot;ekit_we_effect_on&quot;:&quot;none&quot;}\" data-widget_type=\"image.default\">\n\t\t\t\t<div class=\"elementor-widget-container\">\n\t\t\t\t\t\t\t\t\t\t\t\t\t\t\t\t<a href=\"https:\/\/xn--chocoingls-j7a.com\/adultos\/\">\n\t\t\t\t\t\t\t<img decoding=\"async\" width=\"570\" height=\"570\" src=\"https:\/\/xn--chocoingls-j7a.com\/wp-content\/uploads\/2023\/08\/Adult-studying-english-online-with-Choco-ingles-HOME-PAGE.png\" class=\"attachment-full size-full wp-image-979\" alt=\"Adult studying english online with Choco ingles HOME PAGE\" srcset=\"\/\/xn--chocoingls-j7a.com\/wp-content\/uploads\/2023\/08\/Adult-studying-english-online-with-Choco-ingles-HOME-PAGE.png 570w, \/\/xn--chocoingls-j7a.com\/wp-content\/uploads\/2023\/08\/Adult-studying-english-online-with-Choco-ingles-HOME-PAGE-300x300.png 300w, \/\/xn--chocoingls-j7a.com\/wp-content\/uploads\/2023\/08\/Adult-studying-english-online-with-Choco-ingles-HOME-PAGE-150x150.png 150w\" sizes=\"(max-width: 570px) 100vw, 570px\" \/>\t\t\t\t\t\t\t\t<\/a>\n\t\t\t\t\t\t\t\t\t\t\t\t\t\t\t<\/div>\n\t\t\t\t<\/div>\n\t\t\t\t<section data-premium-element-link=\"{&quot;type&quot;:&quot;url&quot;,&quot;link&quot;:{&quot;url&quot;:&quot;https:\\\/\\\/xn--chocoingls-j7a.com\\\/adultos\\\/&quot;,&quot;is_external&quot;:&quot;&quot;,&quot;nofollow&quot;:&quot;&quot;,&quot;custom_attributes&quot;:&quot;&quot;},&quot;href&quot;:&quot;https:\\\/\\\/xn--chocoingls-j7a.com\\\/adultos\\\/&quot;}\" style=\"cursor: pointer\" class=\"elementor-section elementor-inner-section elementor-element elementor-element-3e34bf32 premium-wrapper-link-yes elementor-section-boxed elementor-section-height-default elementor-section-height-default\" data-id=\"3e34bf32\" data-element_type=\"section\" data-settings=\"{&quot;background_background&quot;:&quot;classic&quot;,&quot;ekit_has_onepagescroll_dot&quot;:&quot;yes&quot;}\">\n\t\t\t\t\t\t<div class=\"elementor-container elementor-column-gap-default\">\n\t\t\t\t\t<div data-wrapper-link=\"{&quot;url&quot;:&quot;https:\\\/\\\/xn--chocoingls-j7a.com\\\/adultos\\\/&quot;,&quot;is_external&quot;:&quot;&quot;,&quot;nofollow&quot;:&quot;&quot;,&quot;custom_attributes&quot;:&quot;&quot;}\" style=\"cursor: pointer\" class=\"elementor-column elementor-col-100 elementor-inner-column elementor-element elementor-element-1a80bd29\" data-id=\"1a80bd29\" data-element_type=\"column\">\n\t\t\t<div class=\"elementor-widget-wrap elementor-element-populated\">\n\t\t\t\t\t\t<div data-wrapper-link=\"{&quot;url&quot;:&quot;https:\\\/\\\/xn--chocoingls-j7a.com\\\/adultos\\\/&quot;,&quot;is_external&quot;:&quot;&quot;,&quot;nofollow&quot;:&quot;&quot;,&quot;custom_attributes&quot;:&quot;&quot;}\" style=\"cursor: pointer\" class=\"elementor-element elementor-element-12df547 elementor-widget elementor-widget-text-editor\" data-id=\"12df547\" data-element_type=\"widget\" data-settings=\"{&quot;ekit_we_effect_on&quot;:&quot;none&quot;}\" data-widget_type=\"text-editor.default\">\n\t\t\t\t<div class=\"elementor-widget-container\">\n\t\t\t\t\t\t\t\t\t<p><a href=\"https:\/\/xn--chocoingls-j7a.com\/adultos\/\">Choco English<\/a><\/p><h1><span style=\"color: #16c4e3;\">Adults<\/span><\/h1>\t\t\t\t\t\t\t\t<\/div>\n\t\t\t\t<\/div>\n\t\t\t\t<div class=\"elementor-element elementor-element-e8cbdfe elementor-widget elementor-widget-button\" data-id=\"e8cbdfe\" data-element_type=\"widget\" data-settings=\"{&quot;ekit_we_effect_on&quot;:&quot;none&quot;}\" data-widget_type=\"button.default\">\n\t\t\t\t<div class=\"elementor-widget-container\">\n\t\t\t\t\t\t\t\t\t<div class=\"elementor-button-wrapper\">\n\t\t\t\t\t<a class=\"elementor-button elementor-button-link elementor-size-sm\" href=\"https:\/\/xn--chocoingls-j7a.com\/adultos\/\">\n\t\t\t\t\t\t<span class=\"elementor-button-content-wrapper\">\n\t\t\t\t\t\t\t\t\t<span class=\"elementor-button-text\">More information<\/span>\n\t\t\t\t\t<\/span>\n\t\t\t\t\t<\/a>\n\t\t\t\t<\/div>\n\t\t\t\t\t\t\t\t<\/div>\n\t\t\t\t<\/div>\n\t\t\t\t\t<\/div>\n\t\t<\/div>\n\t\t\t\t\t<\/div>\n\t\t<\/section>\n\t\t\t\t\t<\/div>\n\t\t<\/div>\n\t\t\t\t<div data-wrapper-link=\"{&quot;url&quot;:&quot;https:\\\/\\\/xn--chocoingls-j7a.com\\\/speak-spanish-fluently-in-months\\\/&quot;,&quot;is_external&quot;:&quot;&quot;,&quot;nofollow&quot;:&quot;&quot;,&quot;custom_attributes&quot;:&quot;&quot;}\" style=\"cursor: pointer\" class=\"elementor-column elementor-col-33 elementor-top-column elementor-element elementor-element-596fef7 elementor-invisible\" data-id=\"596fef7\" data-element_type=\"column\" data-settings=\"{&quot;animation&quot;:&quot;fadeInUp&quot;,&quot;animation_delay&quot;:100}\">\n\t\t\t<div class=\"elementor-widget-wrap elementor-element-populated\">\n\t\t\t\t\t\t<div class=\"elementor-element elementor-element-3744c05 elementor-widget elementor-widget-image\" data-id=\"3744c05\" data-element_type=\"widget\" data-settings=\"{&quot;ekit_we_effect_on&quot;:&quot;none&quot;}\" data-widget_type=\"image.default\">\n\t\t\t\t<div class=\"elementor-widget-container\">\n\t\t\t\t\t\t\t\t\t\t\t\t\t\t\t<img decoding=\"async\" width=\"1114\" height=\"1080\" src=\"https:\/\/xn--chocoingls-j7a.com\/wp-content\/uploads\/2023\/08\/1Woman-Saying-Hi-Smiling-in-Choco-Ingles.png\" class=\"attachment-full size-full wp-image-919\" alt=\"1 Woman Saying Hi Smiling in Choco Ingles\" srcset=\"\/\/xn--chocoingls-j7a.com\/wp-content\/uploads\/2023\/08\/1Woman-Saying-Hi-Smiling-in-Choco-Ingles.png 1114w, \/\/xn--chocoingls-j7a.com\/wp-content\/uploads\/2023\/08\/1Woman-Saying-Hi-Smiling-in-Choco-Ingles-300x291.png 300w, \/\/xn--chocoingls-j7a.com\/wp-content\/uploads\/2023\/08\/1Woman-Saying-Hi-Smiling-in-Choco-Ingles-1024x993.png 1024w, \/\/xn--chocoingls-j7a.com\/wp-content\/uploads\/2023\/08\/1Woman-Saying-Hi-Smiling-in-Choco-Ingles-768x745.png 768w\" sizes=\"(max-width: 1114px) 100vw, 1114px\" \/>\t\t\t\t\t\t\t\t\t\t\t\t\t\t\t<\/div>\n\t\t\t\t<\/div>\n\t\t\t\t<section data-premium-element-link=\"{&quot;type&quot;:&quot;url&quot;,&quot;link&quot;:{&quot;url&quot;:&quot;https:\\\/\\\/xn--chocoingls-j7a.com\\\/habla-espanol-fluido-en-meses\\\/&quot;,&quot;is_external&quot;:&quot;&quot;,&quot;nofollow&quot;:&quot;&quot;,&quot;custom_attributes&quot;:&quot;&quot;},&quot;href&quot;:&quot;https:\\\/\\\/xn--chocoingls-j7a.com\\\/habla-espanol-fluido-en-meses\\\/&quot;}\" style=\"cursor: pointer\" class=\"elementor-section elementor-inner-section elementor-element elementor-element-30cc8ab premium-wrapper-link-yes elementor-section-boxed elementor-section-height-default elementor-section-height-default\" data-id=\"30cc8ab\" data-element_type=\"section\" data-settings=\"{&quot;background_background&quot;:&quot;classic&quot;,&quot;ekit_has_onepagescroll_dot&quot;:&quot;yes&quot;}\">\n\t\t\t\t\t\t<div class=\"elementor-container elementor-column-gap-default\">\n\t\t\t\t\t<div class=\"elementor-column elementor-col-100 elementor-inner-column elementor-element elementor-element-c425cd8\" data-id=\"c425cd8\" data-element_type=\"column\">\n\t\t\t<div class=\"elementor-widget-wrap elementor-element-populated\">\n\t\t\t\t\t\t<div class=\"elementor-element elementor-element-25b3d88 elementor-widget elementor-widget-text-editor\" data-id=\"25b3d88\" data-element_type=\"widget\" data-settings=\"{&quot;ekit_we_effect_on&quot;:&quot;none&quot;}\" data-widget_type=\"text-editor.default\">\n\t\t\t\t<div class=\"elementor-widget-container\">\n\t\t\t\t\t\t\t\t\t<p><span style=\"background-color: var( --e-global-color-9155f0a );\">Learn to Speak<\/span><\/p><h1><span style=\"color: #9e49fe; font-family: Poppins, sans-serif; font-size: 60px; font-weight: bold; background-color: var( --e-global-color-9155f0a );\">Spanish<\/span><\/h1>\t\t\t\t\t\t\t\t<\/div>\n\t\t\t\t<\/div>\n\t\t\t\t<div class=\"elementor-element elementor-element-9e890c7 elementor-widget elementor-widget-button\" data-id=\"9e890c7\" data-element_type=\"widget\" data-settings=\"{&quot;ekit_we_effect_on&quot;:&quot;none&quot;}\" data-widget_type=\"button.default\">\n\t\t\t\t<div class=\"elementor-widget-container\">\n\t\t\t\t\t\t\t\t\t<div class=\"elementor-button-wrapper\">\n\t\t\t\t\t<a class=\"elementor-button elementor-button-link elementor-size-sm\" href=\"https:\/\/xn--chocoingls-j7a.com\/speak-spanish-fluently-in-months\/\">\n\t\t\t\t\t\t<span class=\"elementor-button-content-wrapper\">\n\t\t\t\t\t\t\t\t\t<span class=\"elementor-button-text\">More information<\/span>\n\t\t\t\t\t<\/span>\n\t\t\t\t\t<\/a>\n\t\t\t\t<\/div>\n\t\t\t\t\t\t\t\t<\/div>\n\t\t\t\t<\/div>\n\t\t\t\t\t<\/div>\n\t\t<\/div>\n\t\t\t\t\t<\/div>\n\t\t<\/section>\n\t\t\t\t\t<\/div>\n\t\t<\/div>\n\t\t\t\t\t<\/div>\n\t\t<\/section>\n\t\t\t\t<section class=\"elementor-section elementor-top-section elementor-element elementor-element-ee6ab46 elementor-section-boxed elementor-section-height-default elementor-section-height-default\" data-id=\"ee6ab46\" data-element_type=\"section\" data-settings=\"{&quot;ekit_has_onepagescroll_dot&quot;:&quot;yes&quot;}\">\n\t\t\t\t\t\t<div class=\"elementor-container elementor-column-gap-default\">\n\t\t\t\t\t<div class=\"elementor-column elementor-col-100 elementor-top-column elementor-element elementor-element-b1b6b72\" data-id=\"b1b6b72\" data-element_type=\"column\">\n\t\t\t<div class=\"elementor-widget-wrap\">\n\t\t\t\t\t\t\t<\/div>\n\t\t<\/div>\n\t\t\t\t\t<\/div>\n\t\t<\/section>\n\t\t\t\t<\/div>","protected":false},"excerpt":{"rendered":"<p>\u27a1Learn English \u27a1Learn Spanish Choco English Junior More information Choco English Adults More information Learn to Speak Spanish More information<\/p>","protected":false},"author":1,"featured_media":1629,"parent":0,"menu_order":0,"comment_status":"closed","ping_status":"closed","template":"elementor_header_footer","meta":{"footnotes":""},"class_list":["post-342","page","type-page","status-publish","has-post-thumbnail","hentry"],"yoast_head":"<!-- This site is optimized with the Yoast SEO Premium plugin v24.1 (Yoast SEO v24.2) - https:\/\/yoast.com\/wordpress\/plugins\/seo\/ -->\n<title>Habla Ingl\u00e9s Fluido en Meses - Choco Ingl&eacute;s<\/title>\n<meta name=\"robots\" content=\"index, follow, max-snippet:-1, max-image-preview:large, max-video-preview:-1\" \/>\n<link rel=\"canonical\" href=\"https:\/\/xn--chocoingls-j7a.com\/en\/\" \/>\n<meta property=\"og:locale\" content=\"en_US\" \/>\n<meta property=\"og:type\" content=\"article\" \/>\n<meta property=\"og:title\" content=\"Habla Ingl\u00e9s Fluido en Meses\" \/>\n<meta property=\"og:description\" content=\"\u27a1Aprende Ingl\u00e9s \u27a1Learn Spanish Choco Ingl\u00e9s Junior M\u00e1s informaci\u00f3n Choco Ingl\u00e9s Adultos M\u00e1s informaci\u00f3n Learn to Speak Spanish More information\" \/>\n<meta property=\"og:url\" content=\"https:\/\/xn--chocoingls-j7a.com\/en\/\" \/>\n<meta property=\"og:site_name\" content=\"Choco Ingl&eacute;s\" \/>\n<meta property=\"article:publisher\" content=\"https:\/\/www.facebook.com\/chocoingles\" \/>\n<meta property=\"article:modified_time\" content=\"2025-07-03T22:12:32+00:00\" \/>\n<meta property=\"og:image\" content=\"https:\/\/xn--chocoingls-j7a.com\/wp-content\/uploads\/2023\/10\/ChocoInglesBannerFaceBook.png\" \/>\n\t<meta property=\"og:image:width\" content=\"2730\" \/>\n\t<meta property=\"og:image:height\" content=\"1034\" \/>\n\t<meta property=\"og:image:type\" content=\"image\/png\" \/>\n<meta name=\"twitter:card\" content=\"summary_large_image\" \/>\n<meta name=\"twitter:site\" content=\"@chocoingless\" \/>\n<meta name=\"twitter:label1\" content=\"Est. reading time\" \/>\n\t<meta name=\"twitter:data1\" content=\"1 minute\" \/>\n<script type=\"application\/ld+json\" class=\"yoast-schema-graph\">{\"@context\":\"https:\/\/schema.org\",\"@graph\":[{\"@type\":\"WebPage\",\"@id\":\"https:\/\/xn--chocoingls-j7a.com\/\",\"url\":\"https:\/\/xn--chocoingls-j7a.com\/\",\"name\":\"Habla Ingl\u00e9s Fluido en Meses - Choco Ingl&eacute;s\",\"isPartOf\":{\"@id\":\"https:\/\/xn--chocoingls-j7a.com\/#website\"},\"primaryImageOfPage\":{\"@id\":\"https:\/\/xn--chocoingls-j7a.com\/#primaryimage\"},\"image\":{\"@id\":\"https:\/\/xn--chocoingls-j7a.com\/#primaryimage\"},\"thumbnailUrl\":\"https:\/\/xn--chocoingls-j7a.com\/wp-content\/uploads\/2023\/10\/ChocoInglesBannerFaceBook.png\",\"datePublished\":\"2023-07-23T00:16:20+00:00\",\"dateModified\":\"2025-07-03T22:12:32+00:00\",\"breadcrumb\":{\"@id\":\"https:\/\/xn--chocoingls-j7a.com\/#breadcrumb\"},\"inLanguage\":\"en-US\",\"potentialAction\":[{\"@type\":\"ReadAction\",\"target\":[\"https:\/\/xn--chocoingls-j7a.com\/\"]}]},{\"@type\":\"ImageObject\",\"inLanguage\":\"en-US\",\"@id\":\"https:\/\/xn--chocoingls-j7a.com\/#primaryimage\",\"url\":\"https:\/\/xn--chocoingls-j7a.com\/wp-content\/uploads\/2023\/10\/ChocoInglesBannerFaceBook.png\",\"contentUrl\":\"https:\/\/xn--chocoingls-j7a.com\/wp-content\/uploads\/2023\/10\/ChocoInglesBannerFaceBook.png\",\"width\":2730,\"height\":1034},{\"@type\":\"BreadcrumbList\",\"@id\":\"https:\/\/xn--chocoingls-j7a.com\/#breadcrumb\",\"itemListElement\":[{\"@type\":\"ListItem\",\"position\":1,\"name\":\"Inicio\",\"item\":\"https:\/\/xn--chocoingls-j7a.com\/\"},{\"@type\":\"ListItem\",\"position\":2,\"name\":\"Habla Ingl\u00e9s Fluido en Meses\"}]},{\"@type\":\"WebSite\",\"@id\":\"https:\/\/xn--chocoingls-j7a.com\/#website\",\"url\":\"https:\/\/xn--chocoingls-j7a.com\/\",\"name\":\"Choco Ingl&eacute;s\",\"description\":\"\",\"publisher\":{\"@id\":\"https:\/\/xn--chocoingls-j7a.com\/#organization\"},\"potentialAction\":[{\"@type\":\"SearchAction\",\"target\":{\"@type\":\"EntryPoint\",\"urlTemplate\":\"https:\/\/xn--chocoingls-j7a.com\/?s={search_term_string}\"},\"query-input\":{\"@type\":\"PropertyValueSpecification\",\"valueRequired\":true,\"valueName\":\"search_term_string\"}}],\"inLanguage\":\"en-US\"},{\"@type\":\"Organization\",\"@id\":\"https:\/\/xn--chocoingls-j7a.com\/#organization\",\"name\":\"Choco ingl\u00e9s\",\"url\":\"https:\/\/xn--chocoingls-j7a.com\/\",\"logo\":{\"@type\":\"ImageObject\",\"inLanguage\":\"en-US\",\"@id\":\"https:\/\/xn--chocoingls-j7a.com\/#\/schema\/logo\/image\/\",\"url\":\"https:\/\/xn--chocoingls-j7a.com\/wp-content\/uploads\/2023\/07\/logo-web-Choco-Ingles-mas-grande.png\",\"contentUrl\":\"https:\/\/xn--chocoingls-j7a.com\/wp-content\/uploads\/2023\/07\/logo-web-Choco-Ingles-mas-grande.png\",\"width\":255,\"height\":99,\"caption\":\"Choco ingl\u00e9s\"},\"image\":{\"@id\":\"https:\/\/xn--chocoingls-j7a.com\/#\/schema\/logo\/image\/\"},\"sameAs\":[\"https:\/\/www.facebook.com\/chocoingles\",\"https:\/\/x.com\/chocoingless\",\"https:\/\/instagram.com\/chocoingles\",\"https:\/\/youtube.com\/@ChocoIngles\",\"https:\/\/www.tiktok.com\/@chocoingles\"]}]}<\/script>\n<!-- \/ Yoast SEO Premium plugin. -->","yoast_head_json":{"title":"Habla Ingl\u00e9s Fluido en Meses - Choco Ingl&eacute;s","robots":{"index":"index","follow":"follow","max-snippet":"max-snippet:-1","max-image-preview":"max-image-preview:large","max-video-preview":"max-video-preview:-1"},"canonical":"https:\/\/xn--chocoingls-j7a.com\/en\/","og_locale":"en_US","og_type":"article","og_title":"Habla Ingl\u00e9s Fluido en Meses","og_description":"\u27a1Aprende Ingl\u00e9s \u27a1Learn Spanish Choco Ingl\u00e9s Junior M\u00e1s informaci\u00f3n Choco Ingl\u00e9s Adultos M\u00e1s informaci\u00f3n Learn to Speak Spanish More information","og_url":"https:\/\/xn--chocoingls-j7a.com\/en\/","og_site_name":"Choco Ingl&eacute;s","article_publisher":"https:\/\/www.facebook.com\/chocoingles","article_modified_time":"2025-07-03T22:12:32+00:00","og_image":[{"width":2730,"height":1034,"url":"https:\/\/xn--chocoingls-j7a.com\/wp-content\/uploads\/2023\/10\/ChocoInglesBannerFaceBook.png","type":"image\/png"}],"twitter_card":"summary_large_image","twitter_site":"@chocoingless","twitter_misc":{"Est. reading time":"1 minute"},"schema":{"@context":"https:\/\/schema.org","@graph":[{"@type":"WebPage","@id":"https:\/\/xn--chocoingls-j7a.com\/","url":"https:\/\/xn--chocoingls-j7a.com\/","name":"Habla Ingl\u00e9s Fluido en Meses - Choco Ingl&eacute;s","isPartOf":{"@id":"https:\/\/xn--chocoingls-j7a.com\/#website"},"primaryImageOfPage":{"@id":"https:\/\/xn--chocoingls-j7a.com\/#primaryimage"},"image":{"@id":"https:\/\/xn--chocoingls-j7a.com\/#primaryimage"},"thumbnailUrl":"https:\/\/xn--chocoingls-j7a.com\/wp-content\/uploads\/2023\/10\/ChocoInglesBannerFaceBook.png","datePublished":"2023-07-23T00:16:20+00:00","dateModified":"2025-07-03T22:12:32+00:00","breadcrumb":{"@id":"https:\/\/xn--chocoingls-j7a.com\/#breadcrumb"},"inLanguage":"en-US","potentialAction":[{"@type":"ReadAction","target":["https:\/\/xn--chocoingls-j7a.com\/"]}]},{"@type":"ImageObject","inLanguage":"en-US","@id":"https:\/\/xn--chocoingls-j7a.com\/#primaryimage","url":"https:\/\/xn--chocoingls-j7a.com\/wp-content\/uploads\/2023\/10\/ChocoInglesBannerFaceBook.png","contentUrl":"https:\/\/xn--chocoingls-j7a.com\/wp-content\/uploads\/2023\/10\/ChocoInglesBannerFaceBook.png","width":2730,"height":1034},{"@type":"BreadcrumbList","@id":"https:\/\/xn--chocoingls-j7a.com\/#breadcrumb","itemListElement":[{"@type":"ListItem","position":1,"name":"Inicio","item":"https:\/\/xn--chocoingls-j7a.com\/"},{"@type":"ListItem","position":2,"name":"Habla Ingl\u00e9s Fluido en Meses"}]},{"@type":"WebSite","@id":"https:\/\/xn--chocoingls-j7a.com\/#website","url":"https:\/\/xn--chocoingls-j7a.com\/","name":"Choco Ingl&eacute;s","description":"","publisher":{"@id":"https:\/\/xn--chocoingls-j7a.com\/#organization"},"potentialAction":[{"@type":"SearchAction","target":{"@type":"EntryPoint","urlTemplate":"https:\/\/xn--chocoingls-j7a.com\/?s={search_term_string}"},"query-input":{"@type":"PropertyValueSpecification","valueRequired":true,"valueName":"search_term_string"}}],"inLanguage":"en-US"},{"@type":"Organization","@id":"https:\/\/xn--chocoingls-j7a.com\/#organization","name":"Choco ingl\u00e9s","url":"https:\/\/xn--chocoingls-j7a.com\/","logo":{"@type":"ImageObject","inLanguage":"en-US","@id":"https:\/\/xn--chocoingls-j7a.com\/#\/schema\/logo\/image\/","url":"https:\/\/xn--chocoingls-j7a.com\/wp-content\/uploads\/2023\/07\/logo-web-Choco-Ingles-mas-grande.png","contentUrl":"https:\/\/xn--chocoingls-j7a.com\/wp-content\/uploads\/2023\/07\/logo-web-Choco-Ingles-mas-grande.png","width":255,"height":99,"caption":"Choco ingl\u00e9s"},"image":{"@id":"https:\/\/xn--chocoingls-j7a.com\/#\/schema\/logo\/image\/"},"sameAs":["https:\/\/www.facebook.com\/chocoingles","https:\/\/x.com\/chocoingless","https:\/\/instagram.com\/chocoingles","https:\/\/youtube.com\/@ChocoIngles","https:\/\/www.tiktok.com\/@chocoingles"]}]}},"_links":{"self":[{"href":"https:\/\/xn--chocoingls-j7a.com\/en\/wp-json\/wp\/v2\/pages\/342","targetHints":{"allow":["GET"]}}],"collection":[{"href":"https:\/\/xn--chocoingls-j7a.com\/en\/wp-json\/wp\/v2\/pages"}],"about":[{"href":"https:\/\/xn--chocoingls-j7a.com\/en\/wp-json\/wp\/v2\/types\/page"}],"author":[{"embeddable":true,"href":"https:\/\/xn--chocoingls-j7a.com\/en\/wp-json\/wp\/v2\/users\/1"}],"replies":[{"embeddable":true,"href":"https:\/\/xn--chocoingls-j7a.com\/en\/wp-json\/wp\/v2\/comments?post=342"}],"version-history":[{"count":385,"href":"https:\/\/xn--chocoingls-j7a.com\/en\/wp-json\/wp\/v2\/pages\/342\/revisions"}],"predecessor-version":[{"id":5706,"href":"https:\/\/xn--chocoingls-j7a.com\/en\/wp-json\/wp\/v2\/pages\/342\/revisions\/5706"}],"wp:featuredmedia":[{"embeddable":true,"href":"https:\/\/xn--chocoingls-j7a.com\/en\/wp-json\/wp\/v2\/media\/1629"}],"wp:attachment":[{"href":"https:\/\/xn--chocoingls-j7a.com\/en\/wp-json\/wp\/v2\/media?parent=342"}],"curies":[{"name":"wp","href":"https:\/\/api.w.org\/{rel}","templated":true}]}}