{"id":314,"date":"2023-07-23T00:09:10","date_gmt":"2023-07-23T00:09:10","guid":{"rendered":"https:\/\/xn--chocoingls-j7a.com\/?page_id=314"},"modified":"2024-10-02T12:29:16","modified_gmt":"2024-10-02T17:29:16","slug":"contact","status":"publish","type":"page","link":"https:\/\/xn--chocoingls-j7a.com\/en\/contact\/","title":{"rendered":"Contact"},"content":{"rendered":"<div data-elementor-type=\"wp-page\" data-elementor-id=\"314\" class=\"elementor elementor-314\" data-elementor-post-type=\"page\">\n\t\t\t\t\t\t<section class=\"elementor-section elementor-top-section elementor-element elementor-element-782289e4 elementor-section-stretched elementor-section-boxed elementor-section-height-default elementor-section-height-default elementor-invisible\" data-id=\"782289e4\" data-element_type=\"section\" data-settings=\"{&quot;background_background&quot;:&quot;classic&quot;,&quot;animation&quot;:&quot;fadeInUp&quot;,&quot;stretch_section&quot;:&quot;section-stretched&quot;,&quot;ekit_has_onepagescroll_dot&quot;:&quot;yes&quot;}\">\n\t\t\t\t\t\t\t<div class=\"elementor-background-overlay\"><\/div>\n\t\t\t\t\t\t\t<div class=\"elementor-container elementor-column-gap-default\">\n\t\t\t\t\t<div class=\"elementor-column elementor-col-100 elementor-top-column elementor-element elementor-element-73d620b1\" data-id=\"73d620b1\" data-element_type=\"column\">\n\t\t\t<div class=\"elementor-widget-wrap elementor-element-populated\">\n\t\t\t\t\t\t<div class=\"elementor-element elementor-element-2011df11 elementor-widget elementor-widget-heading\" data-id=\"2011df11\" data-element_type=\"widget\" data-settings=\"{&quot;ekit_we_effect_on&quot;:&quot;none&quot;}\" data-widget_type=\"heading.default\">\n\t\t\t\t<div class=\"elementor-widget-container\">\n\t\t\t\t\t<h1 class=\"elementor-heading-title elementor-size-default\">Contact us<\/h1>\t\t\t\t<\/div>\n\t\t\t\t<\/div>\n\t\t\t\t\t<\/div>\n\t\t<\/div>\n\t\t\t\t\t<\/div>\n\t\t<\/section>\n\t\t\t\t<section class=\"elementor-section elementor-top-section elementor-element elementor-element-621bfcb0 elementor-section-stretched elementor-section-boxed elementor-section-height-default elementor-section-height-default\" data-id=\"621bfcb0\" data-element_type=\"section\" data-settings=\"{&quot;stretch_section&quot;:&quot;section-stretched&quot;,&quot;ekit_has_onepagescroll_dot&quot;:&quot;yes&quot;}\">\n\t\t\t\t\t\t<div class=\"elementor-container elementor-column-gap-default\">\n\t\t\t\t\t<div class=\"elementor-column elementor-col-33 elementor-top-column elementor-element elementor-element-ce8fa13 elementor-invisible\" data-id=\"ce8fa13\" data-element_type=\"column\" data-settings=\"{&quot;animation&quot;:&quot;fadeInUp&quot;}\">\n\t\t\t<div class=\"elementor-widget-wrap elementor-element-populated\">\n\t\t\t\t\t\t<div class=\"elementor-element elementor-element-62cff411 elementor-widget elementor-widget-image\" data-id=\"62cff411\" data-element_type=\"widget\" data-settings=\"{&quot;ekit_we_effect_on&quot;:&quot;none&quot;}\" data-widget_type=\"image.default\">\n\t\t\t\t<div class=\"elementor-widget-container\">\n\t\t\t\t\t\t\t\t\t\t\t\t\t\t\t\t<a href=\"#\">\n\t\t\t\t\t\t\t<img fetchpriority=\"high\" decoding=\"async\" width=\"300\" height=\"300\" src=\"https:\/\/xn--chocoingls-j7a.com\/wp-content\/uploads\/2023\/07\/Happy-girl-thinking-300x300.jpg\" class=\"attachment-medium size-medium wp-image-588\" alt=\"\" srcset=\"\/\/xn--chocoingls-j7a.com\/wp-content\/uploads\/2023\/07\/Happy-girl-thinking-300x300.jpg 300w, \/\/xn--chocoingls-j7a.com\/wp-content\/uploads\/2023\/07\/Happy-girl-thinking-150x150.jpg 150w, \/\/xn--chocoingls-j7a.com\/wp-content\/uploads\/2023\/07\/Happy-girl-thinking.jpg 570w\" sizes=\"(max-width: 300px) 100vw, 300px\" \/>\t\t\t\t\t\t\t\t<\/a>\n\t\t\t\t\t\t\t\t\t\t\t\t\t\t\t<\/div>\n\t\t\t\t<\/div>\n\t\t\t\t<div class=\"elementor-element elementor-element-16513138 elementor-widget elementor-widget-heading\" data-id=\"16513138\" data-element_type=\"widget\" data-settings=\"{&quot;ekit_we_effect_on&quot;:&quot;none&quot;}\" data-widget_type=\"heading.default\">\n\t\t\t\t<div class=\"elementor-widget-container\">\n\t\t\t\t\t<h3 class=\"elementor-heading-title elementor-size-default\">WhatsApp<\/h3>\t\t\t\t<\/div>\n\t\t\t\t<\/div>\n\t\t\t\t<div class=\"elementor-element elementor-element-7c92eb49 elementor-widget elementor-widget-text-editor\" data-id=\"7c92eb49\" data-element_type=\"widget\" data-settings=\"{&quot;ekit_we_effect_on&quot;:&quot;none&quot;}\" data-widget_type=\"text-editor.default\">\n\t\t\t\t<div class=\"elementor-widget-container\">\n\t\t\t\t\t\t\t\t\t<p><a href=\"https:\/\/api.whatsapp.com\/send\/?phone=573103534870\"><b>WhatsApp<\/b>: +57 310 353 4870<\/a><\/p>\t\t\t\t\t\t\t\t<\/div>\n\t\t\t\t<\/div>\n\t\t\t\t\t<\/div>\n\t\t<\/div>\n\t\t\t\t<div class=\"elementor-column elementor-col-33 elementor-top-column elementor-element elementor-element-30fb44bf elementor-invisible\" data-id=\"30fb44bf\" data-element_type=\"column\" data-settings=\"{&quot;animation&quot;:&quot;fadeInUp&quot;}\">\n\t\t\t<div class=\"elementor-widget-wrap elementor-element-populated\">\n\t\t\t\t\t\t<div class=\"elementor-element elementor-element-660d954b elementor-widget elementor-widget-image\" data-id=\"660d954b\" data-element_type=\"widget\" data-settings=\"{&quot;ekit_we_effect_on&quot;:&quot;none&quot;}\" data-widget_type=\"image.default\">\n\t\t\t\t<div class=\"elementor-widget-container\">\n\t\t\t\t\t\t\t\t\t\t\t\t\t\t\t\t<a href=\"#\">\n\t\t\t\t\t\t\t<img decoding=\"async\" width=\"270\" height=\"270\" src=\"https:\/\/xn--chocoingls-j7a.com\/wp-content\/uploads\/2023\/07\/Cheerful-student-hugging-notebooks-thumbnail.jpg\" class=\"attachment-medium size-medium wp-image-490\" alt=\"\" srcset=\"\/\/xn--chocoingls-j7a.com\/wp-content\/uploads\/2023\/07\/Cheerful-student-hugging-notebooks-thumbnail.jpg 270w, \/\/xn--chocoingls-j7a.com\/wp-content\/uploads\/2023\/07\/Cheerful-student-hugging-notebooks-thumbnail-150x150.jpg 150w\" sizes=\"(max-width: 270px) 100vw, 270px\" \/>\t\t\t\t\t\t\t\t<\/a>\n\t\t\t\t\t\t\t\t\t\t\t\t\t\t\t<\/div>\n\t\t\t\t<\/div>\n\t\t\t\t<div class=\"elementor-element elementor-element-7044f1fc elementor-widget elementor-widget-heading\" data-id=\"7044f1fc\" data-element_type=\"widget\" data-settings=\"{&quot;ekit_we_effect_on&quot;:&quot;none&quot;}\" data-widget_type=\"heading.default\">\n\t\t\t\t<div class=\"elementor-widget-container\">\n\t\t\t\t\t<h3 class=\"elementor-heading-title elementor-size-default\">Choco English<\/h3>\t\t\t\t<\/div>\n\t\t\t\t<\/div>\n\t\t\t\t<div class=\"elementor-element elementor-element-39345984 elementor-widget elementor-widget-text-editor\" data-id=\"39345984\" data-element_type=\"widget\" data-settings=\"{&quot;ekit_we_effect_on&quot;:&quot;none&quot;}\" data-widget_type=\"text-editor.default\">\n\t\t\t\t<div class=\"elementor-widget-container\">\n\t\t\t\t\t\t\t\t\t<p>Academy that produces this course<\/p><p><a href=\"https:\/\/xn--chocoingls-j7a.com\/\"><strong>View website<\/strong><\/a><\/p>\t\t\t\t\t\t\t\t<\/div>\n\t\t\t\t<\/div>\n\t\t\t\t\t<\/div>\n\t\t<\/div>\n\t\t\t\t<div class=\"elementor-column elementor-col-33 elementor-top-column elementor-element elementor-element-29fdb788 elementor-invisible\" data-id=\"29fdb788\" data-element_type=\"column\" data-settings=\"{&quot;animation&quot;:&quot;fadeInUp&quot;}\">\n\t\t\t<div class=\"elementor-widget-wrap elementor-element-populated\">\n\t\t\t\t\t\t<div class=\"elementor-element elementor-element-30666034 elementor-widget elementor-widget-image\" data-id=\"30666034\" data-element_type=\"widget\" data-settings=\"{&quot;ekit_we_effect_on&quot;:&quot;none&quot;}\" data-widget_type=\"image.default\">\n\t\t\t\t<div class=\"elementor-widget-container\">\n\t\t\t\t\t\t\t\t\t\t\t\t\t\t\t\t<a href=\"#\">\n\t\t\t\t\t\t\t<img decoding=\"async\" width=\"270\" height=\"270\" src=\"https:\/\/xn--chocoingls-j7a.com\/wp-content\/uploads\/2023\/07\/schoolboy-learning-maths-with-an-abacus-J9PYWXF.jpg\" class=\"attachment-full size-full wp-image-84\" alt=\"\" srcset=\"\/\/xn--chocoingls-j7a.com\/wp-content\/uploads\/2023\/07\/schoolboy-learning-maths-with-an-abacus-J9PYWXF.jpg 270w, \/\/xn--chocoingls-j7a.com\/wp-content\/uploads\/2023\/07\/schoolboy-learning-maths-with-an-abacus-J9PYWXF-150x150.jpg 150w\" sizes=\"(max-width: 270px) 100vw, 270px\" \/>\t\t\t\t\t\t\t\t<\/a>\n\t\t\t\t\t\t\t\t\t\t\t\t\t\t\t<\/div>\n\t\t\t\t<\/div>\n\t\t\t\t<div class=\"elementor-element elementor-element-537a6c8f elementor-widget elementor-widget-heading\" data-id=\"537a6c8f\" data-element_type=\"widget\" data-settings=\"{&quot;ekit_we_effect_on&quot;:&quot;none&quot;}\" data-widget_type=\"heading.default\">\n\t\t\t\t<div class=\"elementor-widget-container\">\n\t\t\t\t\t<h3 class=\"elementor-heading-title elementor-size-default\">Email<\/h3>\t\t\t\t<\/div>\n\t\t\t\t<\/div>\n\t\t\t\t<div class=\"elementor-element elementor-element-163cb804 elementor-widget elementor-widget-text-editor\" data-id=\"163cb804\" data-element_type=\"widget\" data-settings=\"{&quot;ekit_we_effect_on&quot;:&quot;none&quot;}\" data-widget_type=\"text-editor.default\">\n\t\t\t\t<div class=\"elementor-widget-container\">\n\t\t\t\t\t\t\t\t\t<p><a href=\"mailto:info@chocoingles.com\"><span style=\"font-weight: 400;\">info@chocoingles.com<\/span><\/a><\/p>\t\t\t\t\t\t\t\t<\/div>\n\t\t\t\t<\/div>\n\t\t\t\t\t<\/div>\n\t\t<\/div>\n\t\t\t\t\t<\/div>\n\t\t<\/section>\n\t\t\t\t<section class=\"elementor-section elementor-top-section elementor-element elementor-element-0259fe6 elementor-section-boxed elementor-section-height-default elementor-section-height-default\" data-id=\"0259fe6\" data-element_type=\"section\" data-settings=\"{&quot;ekit_has_onepagescroll_dot&quot;:&quot;yes&quot;}\">\n\t\t\t\t\t\t<div class=\"elementor-container elementor-column-gap-default\">\n\t\t\t\t\t<div class=\"elementor-column elementor-col-100 elementor-top-column elementor-element elementor-element-1548dcf\" data-id=\"1548dcf\" data-element_type=\"column\">\n\t\t\t<div class=\"elementor-widget-wrap elementor-element-populated\">\n\t\t\t\t\t\t<div class=\"elementor-element elementor-element-3b6684a elementor-widget elementor-widget-image\" data-id=\"3b6684a\" data-element_type=\"widget\" data-settings=\"{&quot;ekit_we_effect_on&quot;:&quot;none&quot;}\" data-widget_type=\"image.default\">\n\t\t\t\t<div class=\"elementor-widget-container\">\n\t\t\t\t\t\t\t\t\t\t\t\t\t\t\t<img decoding=\"async\" src=\"https:\/\/scontent.fbog7-1.fna.fbcdn.net\/v\/t39.30808-6\/461961251_388109591022606_5968310962474038368_n.jpg?stp=dst-jpg_p526x296&#038;_nc_cat=106&#038;ccb=1-7&#038;_nc_sid=127cfc&#038;_nc_ohc=uc1IQIkbxI4Q7kNvgFgQVuw&#038;_nc_ht=scontent.fbog7-1.fna&#038;_nc_gid=A82F22_u07uSuluglR4j8w4&#038;oh=00_AYBmyWcNIc9azxggQni_4dfV6deV3uejPBoC0vTCSSWRdw&#038;oe=67035426\" title=\"\" alt=\"\" loading=\"lazy\" \/>\t\t\t\t\t\t\t\t\t\t\t\t\t\t\t<\/div>\n\t\t\t\t<\/div>\n\t\t\t\t\t<\/div>\n\t\t<\/div>\n\t\t\t\t\t<\/div>\n\t\t<\/section>\n\t\t\t\t<\/div>","protected":false},"excerpt":{"rendered":"<p>Contact us via WhatsApp: +57 310 353 4870 Choco Ingl\u00e9s Academy, which produces this course. View website. Email: info@chocoingles.com<\/p>","protected":false},"author":1,"featured_media":0,"parent":0,"menu_order":0,"comment_status":"closed","ping_status":"closed","template":"","meta":{"footnotes":""},"class_list":["post-314","page","type-page","status-publish","hentry"],"yoast_head":"<!-- This site is optimized with the Yoast SEO Premium plugin v24.1 (Yoast SEO v24.2) - https:\/\/yoast.com\/wordpress\/plugins\/seo\/ -->\n<title>Contacto - Choco Ingl&eacute;s<\/title>\n<meta name=\"robots\" content=\"index, follow, max-snippet:-1, max-image-preview:large, max-video-preview:-1\" \/>\n<link rel=\"canonical\" href=\"https:\/\/xn--chocoingls-j7a.com\/en\/contact\/\" \/>\n<meta property=\"og:locale\" content=\"en_US\" \/>\n<meta property=\"og:type\" content=\"article\" \/>\n<meta property=\"og:title\" content=\"Contacto\" \/>\n<meta property=\"og:description\" content=\"Cont\u00e1ctanos WhatsApp WhatsApp: +57 310 353 4870 Choco Ingl\u00e9s Academia que produce este curso Ver sitio web Correo electr\u00f3nico info@chocoingles.com\" \/>\n<meta property=\"og:url\" content=\"https:\/\/xn--chocoingls-j7a.com\/en\/contact\/\" \/>\n<meta property=\"og:site_name\" content=\"Choco Ingl&eacute;s\" \/>\n<meta property=\"article:publisher\" content=\"https:\/\/www.facebook.com\/chocoingles\" \/>\n<meta property=\"article:modified_time\" content=\"2024-10-02T17:29:16+00:00\" \/>\n<meta property=\"og:image\" content=\"https:\/\/xn--chocoingls-j7a.com\/wp-content\/uploads\/2023\/07\/Happy-girl-thinking-300x300.jpg\" \/>\n<meta name=\"twitter:card\" content=\"summary_large_image\" \/>\n<meta name=\"twitter:site\" content=\"@chocoingless\" \/>\n<meta name=\"twitter:label1\" content=\"Est. reading time\" \/>\n\t<meta name=\"twitter:data1\" content=\"1 minute\" \/>\n<script type=\"application\/ld+json\" class=\"yoast-schema-graph\">{\"@context\":\"https:\/\/schema.org\",\"@graph\":[{\"@type\":\"WebPage\",\"@id\":\"https:\/\/xn--chocoingls-j7a.com\/contact\/\",\"url\":\"https:\/\/xn--chocoingls-j7a.com\/contact\/\",\"name\":\"Contacto - Choco Ingl&eacute;s\",\"isPartOf\":{\"@id\":\"https:\/\/xn--chocoingls-j7a.com\/#website\"},\"primaryImageOfPage\":{\"@id\":\"https:\/\/xn--chocoingls-j7a.com\/contact\/#primaryimage\"},\"image\":{\"@id\":\"https:\/\/xn--chocoingls-j7a.com\/contact\/#primaryimage\"},\"thumbnailUrl\":\"https:\/\/xn--chocoingls-j7a.com\/wp-content\/uploads\/2023\/07\/Happy-girl-thinking-300x300.jpg\",\"datePublished\":\"2023-07-23T00:09:10+00:00\",\"dateModified\":\"2024-10-02T17:29:16+00:00\",\"breadcrumb\":{\"@id\":\"https:\/\/xn--chocoingls-j7a.com\/contact\/#breadcrumb\"},\"inLanguage\":\"en-US\",\"potentialAction\":[{\"@type\":\"ReadAction\",\"target\":[\"https:\/\/xn--chocoingls-j7a.com\/contact\/\"]}]},{\"@type\":\"ImageObject\",\"inLanguage\":\"en-US\",\"@id\":\"https:\/\/xn--chocoingls-j7a.com\/contact\/#primaryimage\",\"url\":\"https:\/\/xn--chocoingls-j7a.com\/wp-content\/uploads\/2023\/07\/Happy-girl-thinking-300x300.jpg\",\"contentUrl\":\"https:\/\/xn--chocoingls-j7a.com\/wp-content\/uploads\/2023\/07\/Happy-girl-thinking-300x300.jpg\"},{\"@type\":\"BreadcrumbList\",\"@id\":\"https:\/\/xn--chocoingls-j7a.com\/contact\/#breadcrumb\",\"itemListElement\":[{\"@type\":\"ListItem\",\"position\":1,\"name\":\"Inicio\",\"item\":\"https:\/\/xn--chocoingls-j7a.com\/\"},{\"@type\":\"ListItem\",\"position\":2,\"name\":\"Contacto\"}]},{\"@type\":\"WebSite\",\"@id\":\"https:\/\/xn--chocoingls-j7a.com\/#website\",\"url\":\"https:\/\/xn--chocoingls-j7a.com\/\",\"name\":\"Choco Ingl&eacute;s\",\"description\":\"\",\"publisher\":{\"@id\":\"https:\/\/xn--chocoingls-j7a.com\/#organization\"},\"potentialAction\":[{\"@type\":\"SearchAction\",\"target\":{\"@type\":\"EntryPoint\",\"urlTemplate\":\"https:\/\/xn--chocoingls-j7a.com\/?s={search_term_string}\"},\"query-input\":{\"@type\":\"PropertyValueSpecification\",\"valueRequired\":true,\"valueName\":\"search_term_string\"}}],\"inLanguage\":\"en-US\"},{\"@type\":\"Organization\",\"@id\":\"https:\/\/xn--chocoingls-j7a.com\/#organization\",\"name\":\"Choco ingl\u00e9s\",\"url\":\"https:\/\/xn--chocoingls-j7a.com\/\",\"logo\":{\"@type\":\"ImageObject\",\"inLanguage\":\"en-US\",\"@id\":\"https:\/\/xn--chocoingls-j7a.com\/#\/schema\/logo\/image\/\",\"url\":\"https:\/\/xn--chocoingls-j7a.com\/wp-content\/uploads\/2023\/07\/logo-web-Choco-Ingles-mas-grande.png\",\"contentUrl\":\"https:\/\/xn--chocoingls-j7a.com\/wp-content\/uploads\/2023\/07\/logo-web-Choco-Ingles-mas-grande.png\",\"width\":255,\"height\":99,\"caption\":\"Choco ingl\u00e9s\"},\"image\":{\"@id\":\"https:\/\/xn--chocoingls-j7a.com\/#\/schema\/logo\/image\/\"},\"sameAs\":[\"https:\/\/www.facebook.com\/chocoingles\",\"https:\/\/x.com\/chocoingless\",\"https:\/\/instagram.com\/chocoingles\",\"https:\/\/youtube.com\/@ChocoIngles\",\"https:\/\/www.tiktok.com\/@chocoingles\"]}]}<\/script>\n<!-- \/ Yoast SEO Premium plugin. -->","yoast_head_json":{"title":"Contacto - Choco Ingl&eacute;s","robots":{"index":"index","follow":"follow","max-snippet":"max-snippet:-1","max-image-preview":"max-image-preview:large","max-video-preview":"max-video-preview:-1"},"canonical":"https:\/\/xn--chocoingls-j7a.com\/en\/contact\/","og_locale":"en_US","og_type":"article","og_title":"Contacto","og_description":"Cont\u00e1ctanos WhatsApp WhatsApp: +57 310 353 4870 Choco Ingl\u00e9s Academia que produce este curso Ver sitio web Correo electr\u00f3nico info@chocoingles.com","og_url":"https:\/\/xn--chocoingls-j7a.com\/en\/contact\/","og_site_name":"Choco Ingl&eacute;s","article_publisher":"https:\/\/www.facebook.com\/chocoingles","article_modified_time":"2024-10-02T17:29:16+00:00","og_image":[{"url":"https:\/\/xn--chocoingls-j7a.com\/wp-content\/uploads\/2023\/07\/Happy-girl-thinking-300x300.jpg","type":"","width":"","height":""}],"twitter_card":"summary_large_image","twitter_site":"@chocoingless","twitter_misc":{"Est. reading time":"1 minute"},"schema":{"@context":"https:\/\/schema.org","@graph":[{"@type":"WebPage","@id":"https:\/\/xn--chocoingls-j7a.com\/contact\/","url":"https:\/\/xn--chocoingls-j7a.com\/contact\/","name":"Contacto - Choco Ingl&eacute;s","isPartOf":{"@id":"https:\/\/xn--chocoingls-j7a.com\/#website"},"primaryImageOfPage":{"@id":"https:\/\/xn--chocoingls-j7a.com\/contact\/#primaryimage"},"image":{"@id":"https:\/\/xn--chocoingls-j7a.com\/contact\/#primaryimage"},"thumbnailUrl":"https:\/\/xn--chocoingls-j7a.com\/wp-content\/uploads\/2023\/07\/Happy-girl-thinking-300x300.jpg","datePublished":"2023-07-23T00:09:10+00:00","dateModified":"2024-10-02T17:29:16+00:00","breadcrumb":{"@id":"https:\/\/xn--chocoingls-j7a.com\/contact\/#breadcrumb"},"inLanguage":"en-US","potentialAction":[{"@type":"ReadAction","target":["https:\/\/xn--chocoingls-j7a.com\/contact\/"]}]},{"@type":"ImageObject","inLanguage":"en-US","@id":"https:\/\/xn--chocoingls-j7a.com\/contact\/#primaryimage","url":"https:\/\/xn--chocoingls-j7a.com\/wp-content\/uploads\/2023\/07\/Happy-girl-thinking-300x300.jpg","contentUrl":"https:\/\/xn--chocoingls-j7a.com\/wp-content\/uploads\/2023\/07\/Happy-girl-thinking-300x300.jpg"},{"@type":"BreadcrumbList","@id":"https:\/\/xn--chocoingls-j7a.com\/contact\/#breadcrumb","itemListElement":[{"@type":"ListItem","position":1,"name":"Inicio","item":"https:\/\/xn--chocoingls-j7a.com\/"},{"@type":"ListItem","position":2,"name":"Contacto"}]},{"@type":"WebSite","@id":"https:\/\/xn--chocoingls-j7a.com\/#website","url":"https:\/\/xn--chocoingls-j7a.com\/","name":"Choco Ingl&eacute;s","description":"","publisher":{"@id":"https:\/\/xn--chocoingls-j7a.com\/#organization"},"potentialAction":[{"@type":"SearchAction","target":{"@type":"EntryPoint","urlTemplate":"https:\/\/xn--chocoingls-j7a.com\/?s={search_term_string}"},"query-input":{"@type":"PropertyValueSpecification","valueRequired":true,"valueName":"search_term_string"}}],"inLanguage":"en-US"},{"@type":"Organization","@id":"https:\/\/xn--chocoingls-j7a.com\/#organization","name":"Choco ingl\u00e9s","url":"https:\/\/xn--chocoingls-j7a.com\/","logo":{"@type":"ImageObject","inLanguage":"en-US","@id":"https:\/\/xn--chocoingls-j7a.com\/#\/schema\/logo\/image\/","url":"https:\/\/xn--chocoingls-j7a.com\/wp-content\/uploads\/2023\/07\/logo-web-Choco-Ingles-mas-grande.png","contentUrl":"https:\/\/xn--chocoingls-j7a.com\/wp-content\/uploads\/2023\/07\/logo-web-Choco-Ingles-mas-grande.png","width":255,"height":99,"caption":"Choco ingl\u00e9s"},"image":{"@id":"https:\/\/xn--chocoingls-j7a.com\/#\/schema\/logo\/image\/"},"sameAs":["https:\/\/www.facebook.com\/chocoingles","https:\/\/x.com\/chocoingless","https:\/\/instagram.com\/chocoingles","https:\/\/youtube.com\/@ChocoIngles","https:\/\/www.tiktok.com\/@chocoingles"]}]}},"_links":{"self":[{"href":"https:\/\/xn--chocoingls-j7a.com\/en\/wp-json\/wp\/v2\/pages\/314","targetHints":{"allow":["GET"]}}],"collection":[{"href":"https:\/\/xn--chocoingls-j7a.com\/en\/wp-json\/wp\/v2\/pages"}],"about":[{"href":"https:\/\/xn--chocoingls-j7a.com\/en\/wp-json\/wp\/v2\/types\/page"}],"author":[{"embeddable":true,"href":"https:\/\/xn--chocoingls-j7a.com\/en\/wp-json\/wp\/v2\/users\/1"}],"replies":[{"embeddable":true,"href":"https:\/\/xn--chocoingls-j7a.com\/en\/wp-json\/wp\/v2\/comments?post=314"}],"version-history":[{"count":32,"href":"https:\/\/xn--chocoingls-j7a.com\/en\/wp-json\/wp\/v2\/pages\/314\/revisions"}],"predecessor-version":[{"id":4290,"href":"https:\/\/xn--chocoingls-j7a.com\/en\/wp-json\/wp\/v2\/pages\/314\/revisions\/4290"}],"wp:attachment":[{"href":"https:\/\/xn--chocoingls-j7a.com\/en\/wp-json\/wp\/v2\/media?parent=314"}],"curies":[{"name":"wp","href":"https:\/\/api.w.org\/{rel}","templated":true}]}}