{"id":1684,"date":"2023-10-15T03:16:15","date_gmt":"2023-10-15T03:16:15","guid":{"rendered":"https:\/\/xn--chocoingls-j7a.com\/?page_id=1684"},"modified":"2025-07-04T09:28:07","modified_gmt":"2025-07-04T14:28:07","slug":"terminos-y-condiciones-de-inscripcion","status":"publish","type":"page","link":"https:\/\/xn--chocoingls-j7a.com\/en\/terminos-y-condiciones-de-inscripcion\/","title":{"rendered":"T\u00e9rminos y Condiciones de Inscripci\u00f3n"},"content":{"rendered":"<p>\u00daltima actualizaci\u00f3n el 04 de Julio de 2025 (https:\/\/xn--chocoingls-j7a.com\/)*<\/p>\n\n\n\n<p>Este acuerdo establece los t\u00e9rminos y condiciones de inscripciones en Choco Ingl\u00e9s<\/p>\n\n\n\n<h2 class=\"wp-block-heading\" id=\"h-quienes-somos\"><strong>\u00bfQui\u00e9nes somos?<\/strong><\/h2>\n\n\n\n<p>Puedo Crecer, LLC, una empresa legalmente registrada en el estado de Florida, Estados Unidos, opera bajo los nombres comerciales \u201cChoco Ingl\u00e9s\u201d, \u201cChoco English\u201d y \u201cChoco Spanish\u201d. Somos una academia de idiomas dedicada a la ense\u00f1anza de <strong>espa\u00f1ol e ingl\u00e9s<\/strong> a estudiantes de diversas edades y contextos, tanto a nivel nacional como internacional.<\/p>\n\n\n\n<p>Contamos con una <strong>metodolog\u00eda propia y comprobada<\/strong> que ha sido desarrollada a lo largo de a\u00f1os de experiencia y validada en <strong>cuatro idiomas<\/strong>, lo cual nos permite ofrecer un aprendizaje s\u00f3lido, efectivo y adaptado a cada perfil de estudiante. Nuestro enfoque pedag\u00f3gico combina el uso estrat\u00e9gico de tecnolog\u00eda, t\u00e9cnicas neuronales y din\u00e1micas conversacionales para lograr una inmersi\u00f3n real y progresiva en el idioma.<\/p>\n\n\n\n<p>En Puedo Crecer creemos firmemente en el <strong>seguimiento riguroso<\/strong> del avance de cada estudiante. Medimos el progreso de forma peri\u00f3dica y personalizada, con el objetivo claro de que cada alumno logre <strong>dominar el idioma<\/strong> en un entorno de aprendizaje seguro, motivador y eficiente.<\/p>\n\n\n\n<p>Adem\u00e1s, brindamos un <strong>acompa\u00f1amiento cercano y constante<\/strong>, tanto acad\u00e9mico como emocional, entendiendo que cada estudiante enfrenta su propio camino de aprendizaje. Sabemos que nuestra mejor carta de presentaci\u00f3n no son los certificados, sino que nuestros estudiantes <strong>puedan hablar con confianza y fluidez<\/strong>. Su \u00e9xito es nuestra misi\u00f3n.<\/p>\n\n\n\n<h2 class=\"wp-block-heading\" id=\"h-tu-horario-de-clases\"><strong>Tu horario de clases:<\/strong><\/h2>\n\n\n\n<p>Despu\u00e9s de que finalices el pago nos pondremos en contacto contigo para elegir el horario de tus clases. Los cupos se llenan y el primero gana el lugar. En los 2 primeros planes (bronze y plata) el estudiante deber\u00e1 acomodarse a los horarios disponibles<\/p>\n\n\n\n<h2 class=\"wp-block-heading\" id=\"h-debitos-automaticos\"><strong>D\u00e9bitos autom\u00e1ticos:<\/strong><\/h2>\n\n\n\n<p>Tu primer pago se procesar\u00e1 en el momento que realices tu inscripci\u00f3n. Tu segundo pago se realizar\u00e1 de forma autom\u00e1tica un mes despu\u00e9s de tu primer pago, y tu tercer pago un mes despu\u00e9s de la fecha correspondiente al segundo pago y as\u00ed sucesivamente. Si quieres cambiar de tarjeta o cancelar tu suscripci\u00f3n, por favor, comun\u00edcate al n\u00famero de Atenci\u00f3n al Cliente +1 (813) 520-0726 o puedes enviar un correo a <a href=\"mailto:info@chocoingles.com\">info@chocoingles.com<\/a><\/p>\n\n\n\n<p>La informaci\u00f3n de tu tarjeta se queda cifrado en los servidores de Hotmart, una de las pasarelas de pagos de mayor prestigio y seguridad en el mundo; ni nosotros ni nuestros programadores tenemos acceso a la informaci\u00f3n de tu tarjeta.&nbsp;<\/p>\n\n\n\n<h2 class=\"wp-block-heading\" id=\"h-solicitudes-de-cancelacion\"><strong>Solicitudes de cancelaci\u00f3n:<\/strong><\/h2>\n\n\n\n<p>La siguiente informaci\u00f3n solo aplica para nuestro plan Standard (de pago<br>mensual):<\/p>\n\n\n\n<p>Para nosotros es muy importante que nuestros clientes tengan la mejor experiencia.<br>Si por alguna raz\u00f3n debe cancelar su suscripci\u00f3n, puede comunic\u00e1rnoslo enviando un correo electr\u00f3nico a info@chocoingles.com.<\/p>\n\n\n\n<p>Esto lo deber\u00e1 hacer 1 semana (7 d\u00edas antes) antes de la pr\u00f3xima fecha de pago para que no se genere ning\u00fan costo. Si solicita su cancelaci\u00f3n despu\u00e9s de ese plazo o incluso despu\u00e9s del cobro, se har\u00e1 efectiva la cancelaci\u00f3n para la siguiente fecha de pago y no se proceder\u00eda a un reembolso ni total ni parcial.<\/p>\n\n\n\n<p>Solicitar la cancelaci\u00f3n en los plazos establecidos es indispensable para que el<br>cobro sea suspendido. Si el estudiante deja de conectarse a clases en vivo pero no realiza el proceso de cancelaci\u00f3n de la suscripci\u00f3n, el cobro seguir\u00e1 activo.<\/p>\n\n\n\n<p>Cuando se cancelan los servicios solamente se detienen cobros futuros, no se hacen<br>reembolsos de pagos anteriores.<\/p>\n\n\n\n<p>Si despu\u00e9s de hacerse efectiva la cancelaci\u00f3n, decide retomar el programa se<br>realizar\u00e1n los cobros con los precios actuales.<\/p>\n\n\n\n<h2 class=\"wp-block-heading\" id=\"h-garantia-y-reembolso\"><strong>Garant\u00eda y Reembolso:<\/strong><\/h2>\n\n\n\n<p>Ofrecemos una garant\u00eda completa de 7 d\u00edas desde tu primer pago. Si no est\u00e1s satisfecho\/a con nuestras clases y no quieres seguir por cualquier raz\u00f3n, y nos avisas dentro de 7 d\u00edas desde tu primer pago, te daremos un reembolso completo si tu pago fue realizado por nuestra plataforma Hotmart.<\/p>\n\n\n\n<h2 class=\"wp-block-heading\" id=\"h-reglas-de-nuestras-clases\"><strong>Reglas de nuestras clases:<\/strong><\/h2>\n\n\n\n<p>Si un estudiante no tratara a sus compa\u00f1eros con respeto o interfiera agresivamente con la clase, reservamos el derecho de terminar sus servicios sin reembolso.&nbsp;<\/p>\n\n\n\n<h2 class=\"wp-block-heading\" id=\"h-seguridad-de-pagos-en-linea\"><strong>Seguridad de pagos en l\u00ednea:<\/strong><\/h2>\n\n\n\n<p>Nosotros y nuestras pasarelas de pagos tomamos medidas fuertes para proteger tu informaci\u00f3n. Trabajamos con pasarelas de pago muy seguras y de muy buena fama. Los datos de tu tarjeta no se quedan alojados en nuestros servidores; se quedan cifrados en nuestra pasarela de pago Hotmart. Nosotros no tenemos acceso a la informaci\u00f3n completa de tu tarjeta. En el caso extremadamente improbable de una brecha de datos, nosotros no podemos hacernos responsables por da\u00f1os mayor del monto de tu mensualidad.<\/p>\n\n\n\n<h2 class=\"wp-block-heading\" id=\"h-pagos\"><strong>Pagos<\/strong>:<\/h2>\n\n\n\n<p>Nosotros cobramos exactamente el monto indicado en nuestra p\u00e1gina web en la moneda nacional indicada y no realizamos ning\u00fan cobro adicional ni tarifa de conversi\u00f3n. Sin embargo, puede ser que tu banco te cobre una comisi\u00f3n por pagos internacionales. Estas comisiones est\u00e1n a fuera de nuestro control.&nbsp;<\/p>\n\n\n\n<h2 class=\"wp-block-heading\" id=\"h-interrupcion-de-clases\"><strong>Interrupci\u00f3n de clases:<\/strong><\/h2>\n\n\n\n<p>En el caso que desees realizar una interrupci\u00f3n o una pausa a tus clases por m\u00e1s de 15 d\u00edas, deber\u00e1s solicitar la cancelaci\u00f3n de tu suscripci\u00f3n y realizar el pago de mensualidad con precio actual al momento que desees ingresar nuevamente.<\/p>\n\n\n\n<h2 class=\"wp-block-heading\" id=\"h-grabacion-de-las-clases\"><strong>Grabaci\u00f3n de las clases<\/strong><\/h2>\n\n\n\n<p>Al usar cualquiera de los servicios de Choco Ingl\u00e9s (tales como clases, conversatorios y eventos), autorizas expresamente la grabaci\u00f3n de los mismos que ser\u00e1n usadas con fines de mejora de los servicios, publicidad y otros objetivos internos de la instituci\u00f3n. <a href=\"https:\/\/xn--chocoingls-j7a.com\/autorizacion-de-grabacion-choco-ingles\/\">Leer documento de autorizaci\u00f3n aqu\u00ed.<\/a> Adem\u00e1s eximes a Choco Ingl\u00e9s, a sus agentes y empleados de todo reclamo, penalidad, demanda y\/o responsabilidad en relaci\u00f3n con lo mencionado anteriormente.<\/p>\n\n\n\n<h2 class=\"wp-block-heading\" id=\"h-periodo-de-vacaciones\"><strong>Periodo de vacaciones:<\/strong><\/h2>\n\n\n\n<p>Durante el periodo de vacaciones y feriados la suscripci\u00f3n permanecer\u00e1 activa y no habr\u00e1 cambio de fecha, sin embargo, el contenido se retomar\u00e1 al regresar. As\u00ed mismo c\u00f3mo es en escuelas y colegios.<\/p>\n\n\n\n<h2 class=\"wp-block-heading\" id=\"h-uso-fraudulento\"><strong>Uso Fraudulento:<\/strong><\/h2>\n\n\n\n<p>El uso fraudulento de nuestra plataforma y nuestro sitio web es prohibido.&nbsp;<\/p>\n\n\n\n<h2 class=\"wp-block-heading\" id=\"h-contacto\">Contacto:<\/h2>\n\n\n\n<p>Pueden contactarnos a <a href=\"mailto:info@chocoingles.com\">info@chocoingles.com<\/a>&nbsp;<br><a href=\"https:\/\/drive.google.com\/file\/d\/1s6RCLYuQ0qkFDGsMy5ZWgGyj6aUJiKuH\/view?usp=drive_link\">Descarga aqu\u00ed los t\u00e9rminos y condiciones de inscripci\u00f3n ampliado<\/a><\/p>\n\n\n\n<p>*Choco Ingl\u00e9s se reserva el derecho de modificar el reglamento, t\u00e9rminos, pol\u00edticas o cualquier documento concerniente a la instituci\u00f3n cuando lo considere necesario, estos documentos se encontrar\u00e1n actualizados en la p\u00e1gina web oficial de la instituci\u00f3n. <a href=\"https:\/\/xn--chocoingls-j7a.com\">Chocoingles.com<\/a> <\/p>\n\n\n\n<p>Puedo Crecer, LLC (registrada en el estado de Florida) opera bajo los nombres comerciales \u201cChoco Ingl\u00e9s\u201d, \u201cChoco English\u201d y &#8220;Choco Spanish&#8221;<\/p>\n\n\n\n<figure class=\"wp-block-image\"><img decoding=\"async\" width=\"252\" height=\"92\" src=\"https:\/\/xn--chocoingls-j7a.com\/wp-content\/uploads\/2024\/07\/LLC.png\" alt=\"\" class=\"wp-image-5717\" srcset=\"\/\/xn--chocoingls-j7a.com\/wp-content\/uploads\/2024\/07\/LLC.png 252w, \/\/xn--chocoingls-j7a.com\/wp-content\/uploads\/2024\/07\/LLC-18x7.png 18w\" sizes=\"(max-width: 252px) 100vw, 252px\" \/><\/figure>\n\n\n\n<p>7901 4th St N STE 30, St. Petersburg, FL 33702, USA<\/p>\n\n\n\n<p><a href=\"https:\/\/xn--chocoingls-j7a.com\/privacy-policy\/\">Privacy policies<\/a>&nbsp;\u00b7&nbsp;<a href=\"https:\/\/xn--chocoingls-j7a.com\/terminos-y-condiciones-de-inscripcion\/\">Terms of service<\/a>&nbsp;\u00b7&nbsp;<a href=\"https:\/\/xn--chocoingls-j7a.com\/reglamento-interno\">Standard adhesion contract<\/a>&nbsp;\u2022 Site Map<\/p>\n\n\n\n<p>Copyright \u00a9 2025 Puedo Crecer, LLC. All rights reserved. \u201cChoco Ingl\u00e9s\u201d and \u201cChoco English\u201d are registered trademarks of Puedo Crecer, LLC<\/p>\n\n\n\n<p>This site is protected by reCAPTCHA and the Google Privacy Policy and Terms of Service apply.<\/p>","protected":false},"excerpt":{"rendered":"<p>\u00daltima actualizaci\u00f3n el 04 de Julio de 2025 (https:\/\/xn--chocoingls-j7a.com\/)* Este acuerdo establece los t\u00e9rminos y condiciones de inscripciones en Choco Ingl\u00e9s \u00bfQui\u00e9nes somos? Puedo Crecer, LLC, una empresa legalmente registrada en el estado de Florida, Estados Unidos, opera bajo los nombres comerciales \u201cChoco Ingl\u00e9s\u201d, \u201cChoco English\u201d y \u201cChoco Spanish\u201d. Somos una academia de idiomas dedicada [&hellip;]<\/p>","protected":false},"author":2,"featured_media":0,"parent":0,"menu_order":0,"comment_status":"closed","ping_status":"closed","template":"","meta":{"footnotes":""},"class_list":["post-1684","page","type-page","status-publish","hentry"],"yoast_head":"<!-- This site is optimized with the Yoast SEO Premium plugin v24.1 (Yoast SEO v24.2) - https:\/\/yoast.com\/wordpress\/plugins\/seo\/ -->\n<title>T\u00e9rminos y Condiciones de Inscripci\u00f3n - Choco Ingl&eacute;s<\/title>\n<meta name=\"robots\" content=\"index, follow, max-snippet:-1, max-image-preview:large, max-video-preview:-1\" \/>\n<link rel=\"canonical\" href=\"https:\/\/xn--chocoingls-j7a.com\/en\/terminos-y-condiciones-de-inscripcion\/\" \/>\n<meta property=\"og:locale\" content=\"en_US\" \/>\n<meta property=\"og:type\" content=\"article\" \/>\n<meta property=\"og:title\" content=\"T\u00e9rminos y Condiciones de Inscripci\u00f3n\" \/>\n<meta property=\"og:description\" content=\"\u00daltima actualizaci\u00f3n el 04 de Julio de 2025 (https:\/\/xn--chocoingls-j7a.com\/)* Este acuerdo establece los t\u00e9rminos y condiciones de inscripciones en Choco Ingl\u00e9s \u00bfQui\u00e9nes somos? Puedo Crecer, LLC, una empresa legalmente registrada en el estado de Florida, Estados Unidos, opera bajo los nombres comerciales \u201cChoco Ingl\u00e9s\u201d, \u201cChoco English\u201d y \u201cChoco Spanish\u201d. Somos una academia de idiomas dedicada [&hellip;]\" \/>\n<meta property=\"og:url\" content=\"https:\/\/xn--chocoingls-j7a.com\/en\/terminos-y-condiciones-de-inscripcion\/\" \/>\n<meta property=\"og:site_name\" content=\"Choco Ingl&eacute;s\" \/>\n<meta property=\"article:publisher\" content=\"https:\/\/www.facebook.com\/chocoingles\" \/>\n<meta property=\"article:modified_time\" content=\"2025-07-04T14:28:07+00:00\" \/>\n<meta property=\"og:image\" content=\"https:\/\/xn--chocoingls-j7a.com\/wp-content\/uploads\/2024\/07\/LLC.png\" \/>\n\t<meta property=\"og:image:width\" content=\"252\" \/>\n\t<meta property=\"og:image:height\" content=\"92\" \/>\n\t<meta property=\"og:image:type\" content=\"image\/png\" \/>\n<meta name=\"twitter:card\" content=\"summary_large_image\" \/>\n<meta name=\"twitter:site\" content=\"@chocoingless\" \/>\n<meta name=\"twitter:label1\" content=\"Est. reading time\" \/>\n\t<meta name=\"twitter:data1\" content=\"6 minutes\" \/>\n<script type=\"application\/ld+json\" class=\"yoast-schema-graph\">{\"@context\":\"https:\/\/schema.org\",\"@graph\":[{\"@type\":\"WebPage\",\"@id\":\"https:\/\/xn--chocoingls-j7a.com\/terminos-y-condiciones-de-inscripcion\/\",\"url\":\"https:\/\/xn--chocoingls-j7a.com\/terminos-y-condiciones-de-inscripcion\/\",\"name\":\"T\u00e9rminos y Condiciones de Inscripci\u00f3n - Choco Ingl&eacute;s\",\"isPartOf\":{\"@id\":\"https:\/\/xn--chocoingls-j7a.com\/#website\"},\"primaryImageOfPage\":{\"@id\":\"https:\/\/xn--chocoingls-j7a.com\/terminos-y-condiciones-de-inscripcion\/#primaryimage\"},\"image\":{\"@id\":\"https:\/\/xn--chocoingls-j7a.com\/terminos-y-condiciones-de-inscripcion\/#primaryimage\"},\"thumbnailUrl\":\"https:\/\/xn--chocoingls-j7a.com\/wp-content\/uploads\/2024\/07\/LLC.png\",\"datePublished\":\"2023-10-15T03:16:15+00:00\",\"dateModified\":\"2025-07-04T14:28:07+00:00\",\"breadcrumb\":{\"@id\":\"https:\/\/xn--chocoingls-j7a.com\/terminos-y-condiciones-de-inscripcion\/#breadcrumb\"},\"inLanguage\":\"en-US\",\"potentialAction\":[{\"@type\":\"ReadAction\",\"target\":[\"https:\/\/xn--chocoingls-j7a.com\/terminos-y-condiciones-de-inscripcion\/\"]}]},{\"@type\":\"ImageObject\",\"inLanguage\":\"en-US\",\"@id\":\"https:\/\/xn--chocoingls-j7a.com\/terminos-y-condiciones-de-inscripcion\/#primaryimage\",\"url\":\"https:\/\/xn--chocoingls-j7a.com\/wp-content\/uploads\/2024\/07\/LLC.png\",\"contentUrl\":\"https:\/\/xn--chocoingls-j7a.com\/wp-content\/uploads\/2024\/07\/LLC.png\"},{\"@type\":\"BreadcrumbList\",\"@id\":\"https:\/\/xn--chocoingls-j7a.com\/terminos-y-condiciones-de-inscripcion\/#breadcrumb\",\"itemListElement\":[{\"@type\":\"ListItem\",\"position\":1,\"name\":\"Inicio\",\"item\":\"https:\/\/xn--chocoingls-j7a.com\/\"},{\"@type\":\"ListItem\",\"position\":2,\"name\":\"T\u00e9rminos y Condiciones de Inscripci\u00f3n\"}]},{\"@type\":\"WebSite\",\"@id\":\"https:\/\/xn--chocoingls-j7a.com\/#website\",\"url\":\"https:\/\/xn--chocoingls-j7a.com\/\",\"name\":\"Choco Ingl&eacute;s\",\"description\":\"\",\"publisher\":{\"@id\":\"https:\/\/xn--chocoingls-j7a.com\/#organization\"},\"potentialAction\":[{\"@type\":\"SearchAction\",\"target\":{\"@type\":\"EntryPoint\",\"urlTemplate\":\"https:\/\/xn--chocoingls-j7a.com\/?s={search_term_string}\"},\"query-input\":{\"@type\":\"PropertyValueSpecification\",\"valueRequired\":true,\"valueName\":\"search_term_string\"}}],\"inLanguage\":\"en-US\"},{\"@type\":\"Organization\",\"@id\":\"https:\/\/xn--chocoingls-j7a.com\/#organization\",\"name\":\"Choco ingl\u00e9s\",\"url\":\"https:\/\/xn--chocoingls-j7a.com\/\",\"logo\":{\"@type\":\"ImageObject\",\"inLanguage\":\"en-US\",\"@id\":\"https:\/\/xn--chocoingls-j7a.com\/#\/schema\/logo\/image\/\",\"url\":\"https:\/\/xn--chocoingls-j7a.com\/wp-content\/uploads\/2023\/07\/logo-web-Choco-Ingles-mas-grande.png\",\"contentUrl\":\"https:\/\/xn--chocoingls-j7a.com\/wp-content\/uploads\/2023\/07\/logo-web-Choco-Ingles-mas-grande.png\",\"width\":255,\"height\":99,\"caption\":\"Choco ingl\u00e9s\"},\"image\":{\"@id\":\"https:\/\/xn--chocoingls-j7a.com\/#\/schema\/logo\/image\/\"},\"sameAs\":[\"https:\/\/www.facebook.com\/chocoingles\",\"https:\/\/x.com\/chocoingless\",\"https:\/\/instagram.com\/chocoingles\",\"https:\/\/youtube.com\/@ChocoIngles\",\"https:\/\/www.tiktok.com\/@chocoingles\"]}]}<\/script>\n<!-- \/ Yoast SEO Premium plugin. -->","yoast_head_json":{"title":"T\u00e9rminos y Condiciones de Inscripci\u00f3n - Choco Ingl&eacute;s","robots":{"index":"index","follow":"follow","max-snippet":"max-snippet:-1","max-image-preview":"max-image-preview:large","max-video-preview":"max-video-preview:-1"},"canonical":"https:\/\/xn--chocoingls-j7a.com\/en\/terminos-y-condiciones-de-inscripcion\/","og_locale":"en_US","og_type":"article","og_title":"T\u00e9rminos y Condiciones de Inscripci\u00f3n","og_description":"\u00daltima actualizaci\u00f3n el 04 de Julio de 2025 (https:\/\/xn--chocoingls-j7a.com\/)* Este acuerdo establece los t\u00e9rminos y condiciones de inscripciones en Choco Ingl\u00e9s \u00bfQui\u00e9nes somos? Puedo Crecer, LLC, una empresa legalmente registrada en el estado de Florida, Estados Unidos, opera bajo los nombres comerciales \u201cChoco Ingl\u00e9s\u201d, \u201cChoco English\u201d y \u201cChoco Spanish\u201d. Somos una academia de idiomas dedicada [&hellip;]","og_url":"https:\/\/xn--chocoingls-j7a.com\/en\/terminos-y-condiciones-de-inscripcion\/","og_site_name":"Choco Ingl&eacute;s","article_publisher":"https:\/\/www.facebook.com\/chocoingles","article_modified_time":"2025-07-04T14:28:07+00:00","og_image":[{"width":252,"height":92,"url":"https:\/\/xn--chocoingls-j7a.com\/wp-content\/uploads\/2024\/07\/LLC.png","type":"image\/png"}],"twitter_card":"summary_large_image","twitter_site":"@chocoingless","twitter_misc":{"Est. reading time":"6 minutes"},"schema":{"@context":"https:\/\/schema.org","@graph":[{"@type":"WebPage","@id":"https:\/\/xn--chocoingls-j7a.com\/terminos-y-condiciones-de-inscripcion\/","url":"https:\/\/xn--chocoingls-j7a.com\/terminos-y-condiciones-de-inscripcion\/","name":"T\u00e9rminos y Condiciones de Inscripci\u00f3n - Choco Ingl&eacute;s","isPartOf":{"@id":"https:\/\/xn--chocoingls-j7a.com\/#website"},"primaryImageOfPage":{"@id":"https:\/\/xn--chocoingls-j7a.com\/terminos-y-condiciones-de-inscripcion\/#primaryimage"},"image":{"@id":"https:\/\/xn--chocoingls-j7a.com\/terminos-y-condiciones-de-inscripcion\/#primaryimage"},"thumbnailUrl":"https:\/\/xn--chocoingls-j7a.com\/wp-content\/uploads\/2024\/07\/LLC.png","datePublished":"2023-10-15T03:16:15+00:00","dateModified":"2025-07-04T14:28:07+00:00","breadcrumb":{"@id":"https:\/\/xn--chocoingls-j7a.com\/terminos-y-condiciones-de-inscripcion\/#breadcrumb"},"inLanguage":"en-US","potentialAction":[{"@type":"ReadAction","target":["https:\/\/xn--chocoingls-j7a.com\/terminos-y-condiciones-de-inscripcion\/"]}]},{"@type":"ImageObject","inLanguage":"en-US","@id":"https:\/\/xn--chocoingls-j7a.com\/terminos-y-condiciones-de-inscripcion\/#primaryimage","url":"https:\/\/xn--chocoingls-j7a.com\/wp-content\/uploads\/2024\/07\/LLC.png","contentUrl":"https:\/\/xn--chocoingls-j7a.com\/wp-content\/uploads\/2024\/07\/LLC.png"},{"@type":"BreadcrumbList","@id":"https:\/\/xn--chocoingls-j7a.com\/terminos-y-condiciones-de-inscripcion\/#breadcrumb","itemListElement":[{"@type":"ListItem","position":1,"name":"Inicio","item":"https:\/\/xn--chocoingls-j7a.com\/"},{"@type":"ListItem","position":2,"name":"T\u00e9rminos y Condiciones de Inscripci\u00f3n"}]},{"@type":"WebSite","@id":"https:\/\/xn--chocoingls-j7a.com\/#website","url":"https:\/\/xn--chocoingls-j7a.com\/","name":"Choco Ingl&eacute;s","description":"","publisher":{"@id":"https:\/\/xn--chocoingls-j7a.com\/#organization"},"potentialAction":[{"@type":"SearchAction","target":{"@type":"EntryPoint","urlTemplate":"https:\/\/xn--chocoingls-j7a.com\/?s={search_term_string}"},"query-input":{"@type":"PropertyValueSpecification","valueRequired":true,"valueName":"search_term_string"}}],"inLanguage":"en-US"},{"@type":"Organization","@id":"https:\/\/xn--chocoingls-j7a.com\/#organization","name":"Choco ingl\u00e9s","url":"https:\/\/xn--chocoingls-j7a.com\/","logo":{"@type":"ImageObject","inLanguage":"en-US","@id":"https:\/\/xn--chocoingls-j7a.com\/#\/schema\/logo\/image\/","url":"https:\/\/xn--chocoingls-j7a.com\/wp-content\/uploads\/2023\/07\/logo-web-Choco-Ingles-mas-grande.png","contentUrl":"https:\/\/xn--chocoingls-j7a.com\/wp-content\/uploads\/2023\/07\/logo-web-Choco-Ingles-mas-grande.png","width":255,"height":99,"caption":"Choco ingl\u00e9s"},"image":{"@id":"https:\/\/xn--chocoingls-j7a.com\/#\/schema\/logo\/image\/"},"sameAs":["https:\/\/www.facebook.com\/chocoingles","https:\/\/x.com\/chocoingless","https:\/\/instagram.com\/chocoingles","https:\/\/youtube.com\/@ChocoIngles","https:\/\/www.tiktok.com\/@chocoingles"]}]}},"_links":{"self":[{"href":"https:\/\/xn--chocoingls-j7a.com\/en\/wp-json\/wp\/v2\/pages\/1684","targetHints":{"allow":["GET"]}}],"collection":[{"href":"https:\/\/xn--chocoingls-j7a.com\/en\/wp-json\/wp\/v2\/pages"}],"about":[{"href":"https:\/\/xn--chocoingls-j7a.com\/en\/wp-json\/wp\/v2\/types\/page"}],"author":[{"embeddable":true,"href":"https:\/\/xn--chocoingls-j7a.com\/en\/wp-json\/wp\/v2\/users\/2"}],"replies":[{"embeddable":true,"href":"https:\/\/xn--chocoingls-j7a.com\/en\/wp-json\/wp\/v2\/comments?post=1684"}],"version-history":[{"count":16,"href":"https:\/\/xn--chocoingls-j7a.com\/en\/wp-json\/wp\/v2\/pages\/1684\/revisions"}],"predecessor-version":[{"id":5741,"href":"https:\/\/xn--chocoingls-j7a.com\/en\/wp-json\/wp\/v2\/pages\/1684\/revisions\/5741"}],"wp:attachment":[{"href":"https:\/\/xn--chocoingls-j7a.com\/en\/wp-json\/wp\/v2\/media?parent=1684"}],"curies":[{"name":"wp","href":"https:\/\/api.w.org\/{rel}","templated":true}]}}